{"id":99729,"date":"2025-06-20T18:23:57","date_gmt":"2025-06-20T16:23:57","guid":{"rendered":"https:\/\/instant-fogas.com\/?page_id=99729"},"modified":"2025-06-20T20:55:08","modified_gmt":"2025-06-20T18:55:08","slug":"karrier","status":"publish","type":"page","link":"https:\/\/instant-fogas.com\/hu\/karrier\/","title":{"rendered":"Karrier"},"content":{"rendered":"<div class=\"wpb-content-wrapper\"><p>[vc_row full_width=&#8221;stretch_row&#8221; full_height=&#8221;yes&#8221; equal_height=&#8221;yes&#8221; content_placement=&#8221;bottom&#8221; css=&#8221;.vc_custom_1750444931983{margin-top: 0px !important;margin-bottom: 0px !important;padding-top: 7vh !important;padding-bottom: 7vh !important;background-image: url(http:\/\/instant-fogas.com\/wp-content\/uploads\/2019\/11\/Instant_head_background.svg?id=24985) !important;background-position: center !important;background-repeat: no-repeat !important;background-size: cover !important;}&#8221; el_id=&#8221;leirasrow&#8221;][vc_column width=&#8221;5\/6&#8243; offset=&#8221;vc_col-lg-offset-0 vc_col-md-offset-1 vc_col-md-3\/5 vc_col-sm-offset-0 vc_col-xs-12&#8243; css=&#8221;.vc_custom_1746699287633{border-top-width: 0px !important;border-bottom-width: 0px !important;border-left-width: 1px !important;padding-top: 25px !important;padding-bottom: 25px !important;background-color: rgba(255,255,255,0.9) !important;*background-color: rgb(255,255,255) !important;border-left-color: #ffffff !important;border-left-style: solid !important;border-top-color: #ffffff !important;border-top-style: solid !important;border-bottom-color: #ffffff !important;border-bottom-style: solid !important;}&#8221; el_class=&#8221;helyleirasblokk&#8221; tablet_margin_top=&#8221;0&#8243; tablet_margin_bottom=&#8221;0&#8243; tablet_margin_left=&#8221;0&#8243; tablet_margin_right=&#8221;0&#8243; mobile_margin_top=&#8221;0&#8243; mobile_margin_bottom=&#8221;0&#8243; mobile_margin_left=&#8221;0&#8243; mobile_margin_right=&#8221;0&#8243;][vc_column_text css=&#8221;.vc_custom_1750436451289{margin-bottom: 0px !important;padding-bottom: 0px !important;}&#8221;]<\/p>\n<h1 style=\"color: #031322; font-size: calc(30px + 1vw); padding-top: 0px; margin-top: 0px; padding-bottom: 0px; font-family: Righteous; font-weight: 400; text-transform: none;\"><strong>Karrier<\/strong><\/h1>\n<p>[\/vc_column_text][vc_row_inner][vc_column_inner width=&#8221;2\/5&#8243;][vc_column_text]Dolgozz Te is az Instant csapat\u00e1val![\/vc_column_text][\/vc_column_inner][vc_column_inner width=&#8221;3\/5&#8243;][vc_column_text]<\/p>\n<h3 style=\"all: unset;\"><strong><span style=\"color: #54aff3;\">#<\/span><\/strong><\/h3>\n<h3 style=\"all: unset;\"><strong>\u00c1ll\u00e1s<\/strong><\/h3>\n<h3 style=\"all: unset;\"><strong><span style=\"color: #54aff3;\">#<\/span><\/strong><\/h3>\n<h3 style=\"all: unset;\"><strong>Dolgozzvel\u00fcnk<\/strong><\/h3>\n<h3 style=\"all: unset;\"><strong><span style=\"color: #54aff3;\">#<\/span><\/strong><\/h3>\n<h3 style=\"all: unset;\"><strong>Munka<\/strong><\/h3>\n<h3 style=\"all: unset;\"><\/h3>\n<p>[\/vc_column_text][\/vc_column_inner][\/vc_row_inner][vc_column_text css=&#8221;.vc_custom_1750436625020{border-left-width: 3px !important;padding-top: 0px !important;padding-bottom: 0px !important;padding-left: 15px !important;border-left-color: #54aff3 !important;border-left-style: solid !important;}&#8221;]<\/p>\n<p class=\"\" data-start=\"107\" data-end=\"143\"><strong>PULTOSOK GYERTEK<\/strong><\/p>\n<ul>\n<li>EG\u00c9SZ \u00c9VES \u00c1LL\u00c1S VAGY SZEZON AHOGY NEKED TETSZIK<\/li>\n<li>AZONNALI KEZD\u00c9S<\/li>\n<li>\u00c9JSZAKAI MUNKAV\u00c9GZ\u00c9S<\/li>\n<li>EL\u0150REL\u00c9P\u00c9SI LEHET\u0150S\u00c9G<\/li>\n<li>KEZD\u0150KET IS V\u00c1RUNK<\/li>\n<li>ALAP KOKT\u00c9LOK<\/li>\n<li>FRUIT SYS<\/li>\n<li>2.800.-\/\u00d3RA + B\u00d3NUSZ<\/li>\n<li>DARA, P\u00d6RG\u00c9S, J\u00d3 HANGULAT<\/li>\n<\/ul>\n<p class=\"\" data-start=\"107\" data-end=\"143\">Hogy ez mind megval\u00f3suljon csak annyit kell tenned, hogy bej\u00e1rsz dolgozni. D\u00f6bbenet, de ez t\u00e9nyleg kell hozz\u00e1. Mondjuk az se \u00e1rt, hogy ha k\u00fcldesz \u00f6n\u00e9letrajzot \u00e9s ha h\u00edvunk, vedd is fel a telefont. Akkor nem kell csoportokba ki\u00edrni, hogy senki sem v\u00e1laszol.<\/p>\n<p>\u00d6n\u00e9letrajzod k\u00fcld az <a href=\"mailto:info@instant-fogas.com\">info@instant-fogas.com<\/a> c\u00edmre<\/p>\n<p>[\/vc_column_text][\/vc_column][vc_column width=&#8221;5\/6&#8243; background_position_desktop=&#8221;left bottom&#8221; offset=&#8221;vc_col-lg-2\/5 vc_col-md-offset-0 vc_col-md-4 vc_col-sm-offset-1 vc_col-xs-12&#8243; css=&#8221;.vc_custom_1750438073263{margin-top: 0px !important;margin-bottom: 0px !important;padding-top: 0px !important;padding-right: 5px !important;padding-bottom: 0px !important;background-image: url(https:\/\/instant-fogas.com\/wp-content\/uploads\/2025\/06\/instant-fogas-staff-allashirdetes-2023-story.png?id=99741) !important;background-position: center !important;background-repeat: no-repeat !important;background-size: cover !important;}&#8221; el_class=&#8221;nezegesskepeketbox&#8221;][\/vc_column][\/vc_row]<\/p>\n<\/div>","protected":false},"excerpt":{"rendered":"<p>[vc_row full_width=&#8221;stretch_row&#8221; full_height=&#8221;yes&#8221; equal_height=&#8221;yes&#8221; content_placement=&#8221;bottom&#8221;&#8230;<\/p>\n","protected":false},"author":17,"featured_media":0,"parent":0,"menu_order":0,"comment_status":"closed","ping_status":"closed","template":"","meta":{"inline_featured_image":false,"footnotes":""},"class_list":["post-99729","page","type-page","status-publish"],"yoast_head":"<!-- This site is optimized with the Yoast SEO plugin v27.3 - https:\/\/yoast.com\/product\/yoast-seo-wordpress\/ -->\n<title>Karrier - Instant-Fogas komplexum<\/title>\n<meta name=\"robots\" content=\"index, follow, max-snippet:-1, max-image-preview:large, max-video-preview:-1\" \/>\n<link rel=\"canonical\" href=\"https:\/\/instant-fogas.com\/hu\/karrier\/\" \/>\n<meta property=\"og:locale\" content=\"hu_HU\" \/>\n<meta property=\"og:type\" content=\"article\" \/>\n<meta property=\"og:title\" content=\"Karrier - Instant-Fogas komplexum\" \/>\n<meta property=\"og:description\" content=\"[vc_row full_width=&#8221;stretch_row&#8221; full_height=&#8221;yes&#8221; equal_height=&#8221;yes&#8221; content_placement=&#8221;bottom&#8221;...\" \/>\n<meta property=\"og:url\" content=\"https:\/\/instant-fogas.com\/hu\/karrier\/\" \/>\n<meta property=\"og:site_name\" content=\"Instant-Fogas komplexum\" \/>\n<meta property=\"article:modified_time\" content=\"2025-06-20T18:55:08+00:00\" \/>\n<meta name=\"twitter:card\" content=\"summary_large_image\" \/>\n<meta name=\"twitter:label1\" content=\"Becs\u00fclt olvas\u00e1si id\u0151\" \/>\n\t<meta name=\"twitter:data1\" content=\"1 perc\" \/>\n<script type=\"application\/ld+json\" class=\"yoast-schema-graph\">{\"@context\":\"https:\\\/\\\/schema.org\",\"@graph\":[{\"@type\":\"WebPage\",\"@id\":\"https:\\\/\\\/instant-fogas.com\\\/hu\\\/karrier\\\/\",\"url\":\"https:\\\/\\\/instant-fogas.com\\\/hu\\\/karrier\\\/\",\"name\":\"Karrier - Instant-Fogas komplexum\",\"isPartOf\":{\"@id\":\"https:\\\/\\\/instant-fogas.com\\\/hu\\\/#website\"},\"datePublished\":\"2025-06-20T16:23:57+00:00\",\"dateModified\":\"2025-06-20T18:55:08+00:00\",\"breadcrumb\":{\"@id\":\"https:\\\/\\\/instant-fogas.com\\\/hu\\\/karrier\\\/#breadcrumb\"},\"inLanguage\":\"hu\",\"potentialAction\":[{\"@type\":\"ReadAction\",\"target\":[\"https:\\\/\\\/instant-fogas.com\\\/hu\\\/karrier\\\/\"]}]},{\"@type\":\"BreadcrumbList\",\"@id\":\"https:\\\/\\\/instant-fogas.com\\\/hu\\\/karrier\\\/#breadcrumb\",\"itemListElement\":[{\"@type\":\"ListItem\",\"position\":1,\"name\":\"Kezd\u0151lap\",\"item\":\"https:\\\/\\\/instant-fogas.com\\\/hu\\\/\"},{\"@type\":\"ListItem\",\"position\":2,\"name\":\"Karrier\"}]},{\"@type\":\"WebSite\",\"@id\":\"https:\\\/\\\/instant-fogas.com\\\/hu\\\/#website\",\"url\":\"https:\\\/\\\/instant-fogas.com\\\/hu\\\/\",\"name\":\"Instant-Fogas komplexum\",\"description\":\"Instant-Fogas komplexum\",\"publisher\":{\"@id\":\"https:\\\/\\\/instant-fogas.com\\\/hu\\\/#organization\"},\"potentialAction\":[{\"@type\":\"SearchAction\",\"target\":{\"@type\":\"EntryPoint\",\"urlTemplate\":\"https:\\\/\\\/instant-fogas.com\\\/hu\\\/?s={search_term_string}\"},\"query-input\":{\"@type\":\"PropertyValueSpecification\",\"valueRequired\":true,\"valueName\":\"search_term_string\"}}],\"inLanguage\":\"hu\"},{\"@type\":\"Organization\",\"@id\":\"https:\\\/\\\/instant-fogas.com\\\/hu\\\/#organization\",\"name\":\"Instant-Fogas complex\",\"url\":\"https:\\\/\\\/instant-fogas.com\\\/hu\\\/\",\"logo\":{\"@type\":\"ImageObject\",\"inLanguage\":\"hu\",\"@id\":\"https:\\\/\\\/instant-fogas.com\\\/hu\\\/#\\\/schema\\\/logo\\\/image\\\/\",\"url\":\"https:\\\/\\\/instant-fogas.com\\\/wp-content\\\/uploads\\\/2019\\\/11\\\/Instant_logo_kek-1.svg\",\"contentUrl\":\"https:\\\/\\\/instant-fogas.com\\\/wp-content\\\/uploads\\\/2019\\\/11\\\/Instant_logo_kek-1.svg\",\"width\":166,\"height\":166,\"caption\":\"Instant-Fogas complex\"},\"image\":{\"@id\":\"https:\\\/\\\/instant-fogas.com\\\/hu\\\/#\\\/schema\\\/logo\\\/image\\\/\"}}]}<\/script>\n<!-- \/ Yoast SEO plugin. -->","yoast_head_json":{"title":"Karrier - Instant-Fogas komplexum","robots":{"index":"index","follow":"follow","max-snippet":"max-snippet:-1","max-image-preview":"max-image-preview:large","max-video-preview":"max-video-preview:-1"},"canonical":"https:\/\/instant-fogas.com\/hu\/karrier\/","og_locale":"hu_HU","og_type":"article","og_title":"Karrier - Instant-Fogas komplexum","og_description":"[vc_row full_width=&#8221;stretch_row&#8221; full_height=&#8221;yes&#8221; equal_height=&#8221;yes&#8221; content_placement=&#8221;bottom&#8221;...","og_url":"https:\/\/instant-fogas.com\/hu\/karrier\/","og_site_name":"Instant-Fogas komplexum","article_modified_time":"2025-06-20T18:55:08+00:00","twitter_card":"summary_large_image","twitter_misc":{"Becs\u00fclt olvas\u00e1si id\u0151":"1 perc"},"schema":{"@context":"https:\/\/schema.org","@graph":[{"@type":"WebPage","@id":"https:\/\/instant-fogas.com\/hu\/karrier\/","url":"https:\/\/instant-fogas.com\/hu\/karrier\/","name":"Karrier - Instant-Fogas komplexum","isPartOf":{"@id":"https:\/\/instant-fogas.com\/hu\/#website"},"datePublished":"2025-06-20T16:23:57+00:00","dateModified":"2025-06-20T18:55:08+00:00","breadcrumb":{"@id":"https:\/\/instant-fogas.com\/hu\/karrier\/#breadcrumb"},"inLanguage":"hu","potentialAction":[{"@type":"ReadAction","target":["https:\/\/instant-fogas.com\/hu\/karrier\/"]}]},{"@type":"BreadcrumbList","@id":"https:\/\/instant-fogas.com\/hu\/karrier\/#breadcrumb","itemListElement":[{"@type":"ListItem","position":1,"name":"Kezd\u0151lap","item":"https:\/\/instant-fogas.com\/hu\/"},{"@type":"ListItem","position":2,"name":"Karrier"}]},{"@type":"WebSite","@id":"https:\/\/instant-fogas.com\/hu\/#website","url":"https:\/\/instant-fogas.com\/hu\/","name":"Instant-Fogas komplexum","description":"Instant-Fogas komplexum","publisher":{"@id":"https:\/\/instant-fogas.com\/hu\/#organization"},"potentialAction":[{"@type":"SearchAction","target":{"@type":"EntryPoint","urlTemplate":"https:\/\/instant-fogas.com\/hu\/?s={search_term_string}"},"query-input":{"@type":"PropertyValueSpecification","valueRequired":true,"valueName":"search_term_string"}}],"inLanguage":"hu"},{"@type":"Organization","@id":"https:\/\/instant-fogas.com\/hu\/#organization","name":"Instant-Fogas complex","url":"https:\/\/instant-fogas.com\/hu\/","logo":{"@type":"ImageObject","inLanguage":"hu","@id":"https:\/\/instant-fogas.com\/hu\/#\/schema\/logo\/image\/","url":"https:\/\/instant-fogas.com\/wp-content\/uploads\/2019\/11\/Instant_logo_kek-1.svg","contentUrl":"https:\/\/instant-fogas.com\/wp-content\/uploads\/2019\/11\/Instant_logo_kek-1.svg","width":166,"height":166,"caption":"Instant-Fogas complex"},"image":{"@id":"https:\/\/instant-fogas.com\/hu\/#\/schema\/logo\/image\/"}}]}},"_links":{"self":[{"href":"https:\/\/instant-fogas.com\/hu\/wp-json\/wp\/v2\/pages\/99729","targetHints":{"allow":["GET"]}}],"collection":[{"href":"https:\/\/instant-fogas.com\/hu\/wp-json\/wp\/v2\/pages"}],"about":[{"href":"https:\/\/instant-fogas.com\/hu\/wp-json\/wp\/v2\/types\/page"}],"author":[{"embeddable":true,"href":"https:\/\/instant-fogas.com\/hu\/wp-json\/wp\/v2\/users\/17"}],"replies":[{"embeddable":true,"href":"https:\/\/instant-fogas.com\/hu\/wp-json\/wp\/v2\/comments?post=99729"}],"version-history":[{"count":7,"href":"https:\/\/instant-fogas.com\/hu\/wp-json\/wp\/v2\/pages\/99729\/revisions"}],"predecessor-version":[{"id":99740,"href":"https:\/\/instant-fogas.com\/hu\/wp-json\/wp\/v2\/pages\/99729\/revisions\/99740"}],"wp:attachment":[{"href":"https:\/\/instant-fogas.com\/hu\/wp-json\/wp\/v2\/media?parent=99729"}],"curies":[{"name":"wp","href":"https:\/\/api.w.org\/{rel}","templated":true}]}}