{"id":89212,"date":"2024-10-30T15:09:58","date_gmt":"2024-10-30T14:09:58","guid":{"rendered":"https:\/\/instant-fogas.com\/?page_id=89212"},"modified":"2024-10-30T16:16:06","modified_gmt":"2024-10-30T15:16:06","slug":"facebook-jatekszabalyzat","status":"publish","type":"page","link":"https:\/\/instant-fogas.com\/hu\/facebook-jatekszabalyzat\/","title":{"rendered":"Facebook j\u00e1t\u00e9kszab\u00e1lyzat"},"content":{"rendered":"<div class=\"wpb-content-wrapper\"><p>[vc_row][vc_column][vc_empty_space height=&#8221;8vh&#8221;][vc_column_text]<\/p>\n<h1 data-pm-slice=\"1 1 []\">Facebook j\u00e1t\u00e9kszab\u00e1lyzat<\/h1>\n<p>Meta Inc. felel\u0151ss\u00e9g kiz\u00e1r\u00e1sa: A Meta semmilyen m\u00f3don nem vesz r\u00e9szt a nyerem\u00e9nyj\u00e1t\u00e9k lebonyol\u00edt\u00e1s\u00e1ban, \u00e9s felel\u0151ss\u00e9get sem v\u00e1llal \u00e9rte.<\/p>\n<p>Adatkezel\u00e9s: A nyertest\u0151l kiz\u00e1r\u00f3lag a nyerem\u00e9ny \u00e1tv\u00e9tel\u00e9hez sz\u00fcks\u00e9ges adatokat k\u00e9r\u00fcnk. Ezeket az adatokat csak az \u00e1tv\u00e9tel c\u00e9lj\u00e1b\u00f3l kezelj\u00fck, \u00e9s nem t\u00e1roljuk saj\u00e1t adatb\u00e1zisainkban.<\/p>\n<p>\u00c9rtes\u00edt\u00e9s: A nyerteseket a j\u00e1t\u00e9kot tartalmaz\u00f3 Facebook-bejegyz\u00e9s alatt v\u00e1laszban, illetve Messenger \u00fczenetben \u00e9rtes\u00edtj\u00fck.<\/p>\n<p>Tartal\u00e9knyertes: Ha a nyertes nem jelentkezik, 5 nap eltelt\u00e9vel tartal\u00e9knyertest \u00e9rtes\u00edt\u00fcnk.<\/p>\n<p>Nyerem\u00e9ny \u00e1tv\u00e9tele: A nyerem\u00e9nyk\u00e9nt felaj\u00e1nlott fogyaszt\u00e1si k\u00e1rty\u00e1k a komplexum nyitvatart\u00e1si idej\u00e9ben, szem\u00e9lyesen vehet\u0151k \u00e1t.<\/p>\n<p>Sorsol\u00e1s menete: A nyertesek online sorsol\u00e1si eszk\u00f6zzel ker\u00fclnek kiv\u00e1laszt\u00e1sra (pl. Woobox).<\/p>\n<p>Lebonyol\u00edt\u00f3: A nyerem\u00e9nyj\u00e1t\u00e9k szervez\u0151je a F\u00fazi\u00f3 Event Zrt.<\/p>\n<p>C\u00e9gjegyz\u00e9ksz\u00e1m: 01-10-140412<\/p>\n<p>Ad\u00f3sz\u00e1m: 26792442-2-42<\/p>\n<p>Sz\u00e9khely: 1073 Budapest, Ak\u00e1cfa utca 51.[\/vc_column_text][vc_empty_space height=&#8221;8vh&#8221;][\/vc_column][\/vc_row]<\/p>\n<\/div>","protected":false},"excerpt":{"rendered":"<p>[vc_row][vc_column][vc_empty_space height=&#8221;8vh&#8221;][vc_column_text] Facebook j\u00e1t\u00e9kszab\u00e1lyzat Meta&#8230;<\/p>\n","protected":false},"author":17,"featured_media":0,"parent":0,"menu_order":0,"comment_status":"closed","ping_status":"closed","template":"","meta":{"inline_featured_image":false,"footnotes":""},"class_list":["post-89212","page","type-page","status-publish"],"yoast_head":"<!-- This site is optimized with the Yoast SEO plugin v27.3 - https:\/\/yoast.com\/product\/yoast-seo-wordpress\/ -->\n<title>Facebook j\u00e1t\u00e9kszab\u00e1lyzat - Instant-Fogas komplexum<\/title>\n<meta name=\"robots\" content=\"index, follow, max-snippet:-1, max-image-preview:large, max-video-preview:-1\" \/>\n<link rel=\"canonical\" href=\"https:\/\/instant-fogas.com\/hu\/facebook-jatekszabalyzat\/\" \/>\n<meta property=\"og:locale\" content=\"hu_HU\" \/>\n<meta property=\"og:type\" content=\"article\" \/>\n<meta property=\"og:title\" content=\"Facebook j\u00e1t\u00e9kszab\u00e1lyzat - Instant-Fogas komplexum\" \/>\n<meta property=\"og:description\" content=\"[vc_row][vc_column][vc_empty_space height=&#8221;8vh&#8221;][vc_column_text] Facebook j\u00e1t\u00e9kszab\u00e1lyzat Meta...\" \/>\n<meta property=\"og:url\" content=\"https:\/\/instant-fogas.com\/hu\/facebook-jatekszabalyzat\/\" \/>\n<meta property=\"og:site_name\" content=\"Instant-Fogas komplexum\" \/>\n<meta property=\"article:modified_time\" content=\"2024-10-30T15:16:06+00:00\" \/>\n<meta name=\"twitter:card\" content=\"summary_large_image\" \/>\n<meta name=\"twitter:label1\" content=\"Becs\u00fclt olvas\u00e1si id\u0151\" \/>\n\t<meta name=\"twitter:data1\" content=\"1 perc\" \/>\n<script type=\"application\/ld+json\" class=\"yoast-schema-graph\">{\"@context\":\"https:\\\/\\\/schema.org\",\"@graph\":[{\"@type\":\"WebPage\",\"@id\":\"https:\\\/\\\/instant-fogas.com\\\/hu\\\/facebook-jatekszabalyzat\\\/\",\"url\":\"https:\\\/\\\/instant-fogas.com\\\/hu\\\/facebook-jatekszabalyzat\\\/\",\"name\":\"Facebook j\u00e1t\u00e9kszab\u00e1lyzat - Instant-Fogas komplexum\",\"isPartOf\":{\"@id\":\"https:\\\/\\\/instant-fogas.com\\\/hu\\\/#website\"},\"datePublished\":\"2024-10-30T14:09:58+00:00\",\"dateModified\":\"2024-10-30T15:16:06+00:00\",\"breadcrumb\":{\"@id\":\"https:\\\/\\\/instant-fogas.com\\\/hu\\\/facebook-jatekszabalyzat\\\/#breadcrumb\"},\"inLanguage\":\"hu\",\"potentialAction\":[{\"@type\":\"ReadAction\",\"target\":[\"https:\\\/\\\/instant-fogas.com\\\/hu\\\/facebook-jatekszabalyzat\\\/\"]}]},{\"@type\":\"BreadcrumbList\",\"@id\":\"https:\\\/\\\/instant-fogas.com\\\/hu\\\/facebook-jatekszabalyzat\\\/#breadcrumb\",\"itemListElement\":[{\"@type\":\"ListItem\",\"position\":1,\"name\":\"Kezd\u0151lap\",\"item\":\"https:\\\/\\\/instant-fogas.com\\\/hu\\\/\"},{\"@type\":\"ListItem\",\"position\":2,\"name\":\"Facebook j\u00e1t\u00e9kszab\u00e1lyzat\"}]},{\"@type\":\"WebSite\",\"@id\":\"https:\\\/\\\/instant-fogas.com\\\/hu\\\/#website\",\"url\":\"https:\\\/\\\/instant-fogas.com\\\/hu\\\/\",\"name\":\"Instant-Fogas komplexum\",\"description\":\"Instant-Fogas komplexum\",\"publisher\":{\"@id\":\"https:\\\/\\\/instant-fogas.com\\\/hu\\\/#organization\"},\"potentialAction\":[{\"@type\":\"SearchAction\",\"target\":{\"@type\":\"EntryPoint\",\"urlTemplate\":\"https:\\\/\\\/instant-fogas.com\\\/hu\\\/?s={search_term_string}\"},\"query-input\":{\"@type\":\"PropertyValueSpecification\",\"valueRequired\":true,\"valueName\":\"search_term_string\"}}],\"inLanguage\":\"hu\"},{\"@type\":\"Organization\",\"@id\":\"https:\\\/\\\/instant-fogas.com\\\/hu\\\/#organization\",\"name\":\"Instant-Fogas complex\",\"url\":\"https:\\\/\\\/instant-fogas.com\\\/hu\\\/\",\"logo\":{\"@type\":\"ImageObject\",\"inLanguage\":\"hu\",\"@id\":\"https:\\\/\\\/instant-fogas.com\\\/hu\\\/#\\\/schema\\\/logo\\\/image\\\/\",\"url\":\"https:\\\/\\\/instant-fogas.com\\\/wp-content\\\/uploads\\\/2019\\\/11\\\/Instant_logo_kek-1.svg\",\"contentUrl\":\"https:\\\/\\\/instant-fogas.com\\\/wp-content\\\/uploads\\\/2019\\\/11\\\/Instant_logo_kek-1.svg\",\"width\":166,\"height\":166,\"caption\":\"Instant-Fogas complex\"},\"image\":{\"@id\":\"https:\\\/\\\/instant-fogas.com\\\/hu\\\/#\\\/schema\\\/logo\\\/image\\\/\"}}]}<\/script>\n<!-- \/ Yoast SEO plugin. -->","yoast_head_json":{"title":"Facebook j\u00e1t\u00e9kszab\u00e1lyzat - Instant-Fogas komplexum","robots":{"index":"index","follow":"follow","max-snippet":"max-snippet:-1","max-image-preview":"max-image-preview:large","max-video-preview":"max-video-preview:-1"},"canonical":"https:\/\/instant-fogas.com\/hu\/facebook-jatekszabalyzat\/","og_locale":"hu_HU","og_type":"article","og_title":"Facebook j\u00e1t\u00e9kszab\u00e1lyzat - Instant-Fogas komplexum","og_description":"[vc_row][vc_column][vc_empty_space height=&#8221;8vh&#8221;][vc_column_text] Facebook j\u00e1t\u00e9kszab\u00e1lyzat Meta...","og_url":"https:\/\/instant-fogas.com\/hu\/facebook-jatekszabalyzat\/","og_site_name":"Instant-Fogas komplexum","article_modified_time":"2024-10-30T15:16:06+00:00","twitter_card":"summary_large_image","twitter_misc":{"Becs\u00fclt olvas\u00e1si id\u0151":"1 perc"},"schema":{"@context":"https:\/\/schema.org","@graph":[{"@type":"WebPage","@id":"https:\/\/instant-fogas.com\/hu\/facebook-jatekszabalyzat\/","url":"https:\/\/instant-fogas.com\/hu\/facebook-jatekszabalyzat\/","name":"Facebook j\u00e1t\u00e9kszab\u00e1lyzat - Instant-Fogas komplexum","isPartOf":{"@id":"https:\/\/instant-fogas.com\/hu\/#website"},"datePublished":"2024-10-30T14:09:58+00:00","dateModified":"2024-10-30T15:16:06+00:00","breadcrumb":{"@id":"https:\/\/instant-fogas.com\/hu\/facebook-jatekszabalyzat\/#breadcrumb"},"inLanguage":"hu","potentialAction":[{"@type":"ReadAction","target":["https:\/\/instant-fogas.com\/hu\/facebook-jatekszabalyzat\/"]}]},{"@type":"BreadcrumbList","@id":"https:\/\/instant-fogas.com\/hu\/facebook-jatekszabalyzat\/#breadcrumb","itemListElement":[{"@type":"ListItem","position":1,"name":"Kezd\u0151lap","item":"https:\/\/instant-fogas.com\/hu\/"},{"@type":"ListItem","position":2,"name":"Facebook j\u00e1t\u00e9kszab\u00e1lyzat"}]},{"@type":"WebSite","@id":"https:\/\/instant-fogas.com\/hu\/#website","url":"https:\/\/instant-fogas.com\/hu\/","name":"Instant-Fogas komplexum","description":"Instant-Fogas komplexum","publisher":{"@id":"https:\/\/instant-fogas.com\/hu\/#organization"},"potentialAction":[{"@type":"SearchAction","target":{"@type":"EntryPoint","urlTemplate":"https:\/\/instant-fogas.com\/hu\/?s={search_term_string}"},"query-input":{"@type":"PropertyValueSpecification","valueRequired":true,"valueName":"search_term_string"}}],"inLanguage":"hu"},{"@type":"Organization","@id":"https:\/\/instant-fogas.com\/hu\/#organization","name":"Instant-Fogas complex","url":"https:\/\/instant-fogas.com\/hu\/","logo":{"@type":"ImageObject","inLanguage":"hu","@id":"https:\/\/instant-fogas.com\/hu\/#\/schema\/logo\/image\/","url":"https:\/\/instant-fogas.com\/wp-content\/uploads\/2019\/11\/Instant_logo_kek-1.svg","contentUrl":"https:\/\/instant-fogas.com\/wp-content\/uploads\/2019\/11\/Instant_logo_kek-1.svg","width":166,"height":166,"caption":"Instant-Fogas complex"},"image":{"@id":"https:\/\/instant-fogas.com\/hu\/#\/schema\/logo\/image\/"}}]}},"_links":{"self":[{"href":"https:\/\/instant-fogas.com\/hu\/wp-json\/wp\/v2\/pages\/89212","targetHints":{"allow":["GET"]}}],"collection":[{"href":"https:\/\/instant-fogas.com\/hu\/wp-json\/wp\/v2\/pages"}],"about":[{"href":"https:\/\/instant-fogas.com\/hu\/wp-json\/wp\/v2\/types\/page"}],"author":[{"embeddable":true,"href":"https:\/\/instant-fogas.com\/hu\/wp-json\/wp\/v2\/users\/17"}],"replies":[{"embeddable":true,"href":"https:\/\/instant-fogas.com\/hu\/wp-json\/wp\/v2\/comments?post=89212"}],"version-history":[{"count":1,"href":"https:\/\/instant-fogas.com\/hu\/wp-json\/wp\/v2\/pages\/89212\/revisions"}],"predecessor-version":[{"id":89215,"href":"https:\/\/instant-fogas.com\/hu\/wp-json\/wp\/v2\/pages\/89212\/revisions\/89215"}],"wp:attachment":[{"href":"https:\/\/instant-fogas.com\/hu\/wp-json\/wp\/v2\/media?parent=89212"}],"curies":[{"name":"wp","href":"https:\/\/api.w.org\/{rel}","templated":true}]}}