{"id":60712,"date":"2022-05-11T12:47:30","date_gmt":"2022-05-11T10:47:30","guid":{"rendered":"https:\/\/instant-fogas.com\/?page_id=60712"},"modified":"2024-10-28T09:19:50","modified_gmt":"2024-10-28T08:19:50","slug":"vendeglatos-allasok","status":"publish","type":"page","link":"https:\/\/instant-fogas.com\/hu\/vendeglatos-allasok\/","title":{"rendered":"Vend\u00e9gl\u00e1t\u00f3s \u00e1ll\u00e1sok a komplexumban"},"content":{"rendered":"<div class=\"wpb-content-wrapper\"><p>[vc_row][vc_column][vc_empty_space][vc_column_text]<\/p>\n<div dir=\"ltr\" data-smartmail=\"gmail_signature\">\n<div dir=\"ltr\">\n<div dir=\"ltr\">\n<div dir=\"ltr\">\n<div><strong>Nincs nyitott poz\u00edci\u00f3\/No open positions.<\/strong><\/div>\n<\/div>\n<\/div>\n<\/div>\n<\/div>\n<p>[\/vc_column_text][\/vc_column][\/vc_row]<\/p>\n<\/div>","protected":false},"excerpt":{"rendered":"<p>[vc_row][vc_column][vc_empty_space][vc_column_text] Nincs nyitott poz\u00edci\u00f3\/No open&#8230;<\/p>\n","protected":false},"author":4,"featured_media":0,"parent":0,"menu_order":0,"comment_status":"closed","ping_status":"closed","template":"","meta":{"inline_featured_image":false,"footnotes":""},"class_list":["post-60712","page","type-page","status-publish"],"yoast_head":"<!-- This site is optimized with the Yoast SEO plugin v27.3 - https:\/\/yoast.com\/product\/yoast-seo-wordpress\/ -->\n<title>Vend\u00e9gl\u00e1t\u00f3s \u00e1ll\u00e1sok a komplexumban: Pultos munka, poharas munka<\/title>\n<meta name=\"description\" content=\"Vend\u00e9gl\u00e1t\u00f3s munk\u00e1k Budapest legmen\u0151bb sz\u00f3rakoz\u00f3hely\u00e9n: Pultos \u00e1ll\u00e1s, poharas \u00e1ll\u00e1s j\u00f3 fizet\u00e9ssel \u00e9s juttat\u00e1sokkal. Jelentkezz most!\" \/>\n<meta name=\"robots\" content=\"index, follow, max-snippet:-1, max-image-preview:large, max-video-preview:-1\" \/>\n<link rel=\"canonical\" href=\"https:\/\/instant-fogas.com\/hu\/vendeglatos-allasok\/\" \/>\n<meta property=\"og:locale\" content=\"hu_HU\" \/>\n<meta property=\"og:type\" content=\"article\" \/>\n<meta property=\"og:title\" content=\"\u00c1ll\u00e1slehet\u0151s\u00e9gek a komplexumban: Pultos, poharas\" \/>\n<meta property=\"og:description\" content=\"Dolgozz Budapest legmen\u0151bb sz\u00f3rakoz\u00f3hely\u00e9n: Stabil \u00e1ll\u00e1s j\u00f3 fizet\u00e9ssel \u00e9s juttat\u00e1sokkal, vid\u00e1m csapatban. Jelentkezz most!\" \/>\n<meta property=\"og:url\" content=\"https:\/\/instant-fogas.com\/hu\/vendeglatos-allasok\/\" \/>\n<meta property=\"og:site_name\" content=\"Instant-Fogas komplexum\" \/>\n<meta property=\"article:modified_time\" content=\"2024-10-28T08:19:50+00:00\" \/>\n<meta property=\"og:image\" content=\"https:\/\/instant-fogas.com\/wp-content\/uploads\/2022\/05\/InstantPultos_1600x1600.jpg\" \/>\n\t<meta property=\"og:image:width\" content=\"1600\" \/>\n\t<meta property=\"og:image:height\" content=\"1600\" \/>\n\t<meta property=\"og:image:type\" content=\"image\/jpeg\" \/>\n<meta name=\"twitter:card\" content=\"summary_large_image\" \/>\n<meta name=\"twitter:label1\" content=\"Becs\u00fclt olvas\u00e1si id\u0151\" \/>\n\t<meta name=\"twitter:data1\" content=\"1 perc\" \/>\n<script type=\"application\/ld+json\" class=\"yoast-schema-graph\">{\"@context\":\"https:\\\/\\\/schema.org\",\"@graph\":[{\"@type\":\"WebPage\",\"@id\":\"https:\\\/\\\/instant-fogas.com\\\/hu\\\/vendeglatos-allasok\\\/\",\"url\":\"https:\\\/\\\/instant-fogas.com\\\/hu\\\/vendeglatos-allasok\\\/\",\"name\":\"Vend\u00e9gl\u00e1t\u00f3s \u00e1ll\u00e1sok a komplexumban: Pultos munka, poharas munka\",\"isPartOf\":{\"@id\":\"https:\\\/\\\/instant-fogas.com\\\/hu\\\/#website\"},\"datePublished\":\"2022-05-11T10:47:30+00:00\",\"dateModified\":\"2024-10-28T08:19:50+00:00\",\"description\":\"Vend\u00e9gl\u00e1t\u00f3s munk\u00e1k Budapest legmen\u0151bb sz\u00f3rakoz\u00f3hely\u00e9n: Pultos \u00e1ll\u00e1s, poharas \u00e1ll\u00e1s j\u00f3 fizet\u00e9ssel \u00e9s juttat\u00e1sokkal. Jelentkezz most!\",\"breadcrumb\":{\"@id\":\"https:\\\/\\\/instant-fogas.com\\\/hu\\\/vendeglatos-allasok\\\/#breadcrumb\"},\"inLanguage\":\"hu\",\"potentialAction\":[{\"@type\":\"ReadAction\",\"target\":[\"https:\\\/\\\/instant-fogas.com\\\/hu\\\/vendeglatos-allasok\\\/\"]}]},{\"@type\":\"BreadcrumbList\",\"@id\":\"https:\\\/\\\/instant-fogas.com\\\/hu\\\/vendeglatos-allasok\\\/#breadcrumb\",\"itemListElement\":[{\"@type\":\"ListItem\",\"position\":1,\"name\":\"Kezd\u0151lap\",\"item\":\"https:\\\/\\\/instant-fogas.com\\\/hu\\\/\"},{\"@type\":\"ListItem\",\"position\":2,\"name\":\"Vend\u00e9gl\u00e1t\u00f3s \u00e1ll\u00e1sok a komplexumban\"}]},{\"@type\":\"WebSite\",\"@id\":\"https:\\\/\\\/instant-fogas.com\\\/hu\\\/#website\",\"url\":\"https:\\\/\\\/instant-fogas.com\\\/hu\\\/\",\"name\":\"Instant-Fogas komplexum\",\"description\":\"Instant-Fogas komplexum\",\"publisher\":{\"@id\":\"https:\\\/\\\/instant-fogas.com\\\/hu\\\/#organization\"},\"potentialAction\":[{\"@type\":\"SearchAction\",\"target\":{\"@type\":\"EntryPoint\",\"urlTemplate\":\"https:\\\/\\\/instant-fogas.com\\\/hu\\\/?s={search_term_string}\"},\"query-input\":{\"@type\":\"PropertyValueSpecification\",\"valueRequired\":true,\"valueName\":\"search_term_string\"}}],\"inLanguage\":\"hu\"},{\"@type\":\"Organization\",\"@id\":\"https:\\\/\\\/instant-fogas.com\\\/hu\\\/#organization\",\"name\":\"Instant-Fogas complex\",\"url\":\"https:\\\/\\\/instant-fogas.com\\\/hu\\\/\",\"logo\":{\"@type\":\"ImageObject\",\"inLanguage\":\"hu\",\"@id\":\"https:\\\/\\\/instant-fogas.com\\\/hu\\\/#\\\/schema\\\/logo\\\/image\\\/\",\"url\":\"https:\\\/\\\/instant-fogas.com\\\/wp-content\\\/uploads\\\/2019\\\/11\\\/Instant_logo_kek-1.svg\",\"contentUrl\":\"https:\\\/\\\/instant-fogas.com\\\/wp-content\\\/uploads\\\/2019\\\/11\\\/Instant_logo_kek-1.svg\",\"width\":166,\"height\":166,\"caption\":\"Instant-Fogas complex\"},\"image\":{\"@id\":\"https:\\\/\\\/instant-fogas.com\\\/hu\\\/#\\\/schema\\\/logo\\\/image\\\/\"}}]}<\/script>\n<!-- \/ Yoast SEO plugin. -->","yoast_head_json":{"title":"Vend\u00e9gl\u00e1t\u00f3s \u00e1ll\u00e1sok a komplexumban: Pultos munka, poharas munka","description":"Vend\u00e9gl\u00e1t\u00f3s munk\u00e1k Budapest legmen\u0151bb sz\u00f3rakoz\u00f3hely\u00e9n: Pultos \u00e1ll\u00e1s, poharas \u00e1ll\u00e1s j\u00f3 fizet\u00e9ssel \u00e9s juttat\u00e1sokkal. Jelentkezz most!","robots":{"index":"index","follow":"follow","max-snippet":"max-snippet:-1","max-image-preview":"max-image-preview:large","max-video-preview":"max-video-preview:-1"},"canonical":"https:\/\/instant-fogas.com\/hu\/vendeglatos-allasok\/","og_locale":"hu_HU","og_type":"article","og_title":"\u00c1ll\u00e1slehet\u0151s\u00e9gek a komplexumban: Pultos, poharas","og_description":"Dolgozz Budapest legmen\u0151bb sz\u00f3rakoz\u00f3hely\u00e9n: Stabil \u00e1ll\u00e1s j\u00f3 fizet\u00e9ssel \u00e9s juttat\u00e1sokkal, vid\u00e1m csapatban. Jelentkezz most!","og_url":"https:\/\/instant-fogas.com\/hu\/vendeglatos-allasok\/","og_site_name":"Instant-Fogas komplexum","article_modified_time":"2024-10-28T08:19:50+00:00","og_image":[{"width":1600,"height":1600,"url":"https:\/\/instant-fogas.com\/wp-content\/uploads\/2022\/05\/InstantPultos_1600x1600.jpg","type":"image\/jpeg"}],"twitter_card":"summary_large_image","twitter_misc":{"Becs\u00fclt olvas\u00e1si id\u0151":"1 perc"},"schema":{"@context":"https:\/\/schema.org","@graph":[{"@type":"WebPage","@id":"https:\/\/instant-fogas.com\/hu\/vendeglatos-allasok\/","url":"https:\/\/instant-fogas.com\/hu\/vendeglatos-allasok\/","name":"Vend\u00e9gl\u00e1t\u00f3s \u00e1ll\u00e1sok a komplexumban: Pultos munka, poharas munka","isPartOf":{"@id":"https:\/\/instant-fogas.com\/hu\/#website"},"datePublished":"2022-05-11T10:47:30+00:00","dateModified":"2024-10-28T08:19:50+00:00","description":"Vend\u00e9gl\u00e1t\u00f3s munk\u00e1k Budapest legmen\u0151bb sz\u00f3rakoz\u00f3hely\u00e9n: Pultos \u00e1ll\u00e1s, poharas \u00e1ll\u00e1s j\u00f3 fizet\u00e9ssel \u00e9s juttat\u00e1sokkal. Jelentkezz most!","breadcrumb":{"@id":"https:\/\/instant-fogas.com\/hu\/vendeglatos-allasok\/#breadcrumb"},"inLanguage":"hu","potentialAction":[{"@type":"ReadAction","target":["https:\/\/instant-fogas.com\/hu\/vendeglatos-allasok\/"]}]},{"@type":"BreadcrumbList","@id":"https:\/\/instant-fogas.com\/hu\/vendeglatos-allasok\/#breadcrumb","itemListElement":[{"@type":"ListItem","position":1,"name":"Kezd\u0151lap","item":"https:\/\/instant-fogas.com\/hu\/"},{"@type":"ListItem","position":2,"name":"Vend\u00e9gl\u00e1t\u00f3s \u00e1ll\u00e1sok a komplexumban"}]},{"@type":"WebSite","@id":"https:\/\/instant-fogas.com\/hu\/#website","url":"https:\/\/instant-fogas.com\/hu\/","name":"Instant-Fogas komplexum","description":"Instant-Fogas komplexum","publisher":{"@id":"https:\/\/instant-fogas.com\/hu\/#organization"},"potentialAction":[{"@type":"SearchAction","target":{"@type":"EntryPoint","urlTemplate":"https:\/\/instant-fogas.com\/hu\/?s={search_term_string}"},"query-input":{"@type":"PropertyValueSpecification","valueRequired":true,"valueName":"search_term_string"}}],"inLanguage":"hu"},{"@type":"Organization","@id":"https:\/\/instant-fogas.com\/hu\/#organization","name":"Instant-Fogas complex","url":"https:\/\/instant-fogas.com\/hu\/","logo":{"@type":"ImageObject","inLanguage":"hu","@id":"https:\/\/instant-fogas.com\/hu\/#\/schema\/logo\/image\/","url":"https:\/\/instant-fogas.com\/wp-content\/uploads\/2019\/11\/Instant_logo_kek-1.svg","contentUrl":"https:\/\/instant-fogas.com\/wp-content\/uploads\/2019\/11\/Instant_logo_kek-1.svg","width":166,"height":166,"caption":"Instant-Fogas complex"},"image":{"@id":"https:\/\/instant-fogas.com\/hu\/#\/schema\/logo\/image\/"}}]}},"_links":{"self":[{"href":"https:\/\/instant-fogas.com\/hu\/wp-json\/wp\/v2\/pages\/60712","targetHints":{"allow":["GET"]}}],"collection":[{"href":"https:\/\/instant-fogas.com\/hu\/wp-json\/wp\/v2\/pages"}],"about":[{"href":"https:\/\/instant-fogas.com\/hu\/wp-json\/wp\/v2\/types\/page"}],"author":[{"embeddable":true,"href":"https:\/\/instant-fogas.com\/hu\/wp-json\/wp\/v2\/users\/4"}],"replies":[{"embeddable":true,"href":"https:\/\/instant-fogas.com\/hu\/wp-json\/wp\/v2\/comments?post=60712"}],"version-history":[{"count":8,"href":"https:\/\/instant-fogas.com\/hu\/wp-json\/wp\/v2\/pages\/60712\/revisions"}],"predecessor-version":[{"id":99714,"href":"https:\/\/instant-fogas.com\/hu\/wp-json\/wp\/v2\/pages\/60712\/revisions\/99714"}],"wp:attachment":[{"href":"https:\/\/instant-fogas.com\/hu\/wp-json\/wp\/v2\/media?parent=60712"}],"curies":[{"name":"wp","href":"https:\/\/api.w.org\/{rel}","templated":true}]}}