{"id":503,"date":"2025-04-24T14:04:11","date_gmt":"2025-04-24T12:04:11","guid":{"rendered":"https:\/\/instant.freedomdev.hu\/?page_id=503"},"modified":"2025-04-24T14:04:11","modified_gmt":"2025-04-24T12:04:11","slug":"foglalas-lemondasa","status":"publish","type":"page","link":"https:\/\/instant-fogas.com\/hu\/foglalas-lemondasa\/","title":{"rendered":"Foglal\u00e1s lemond\u00e1sa"},"content":{"rendered":"<h2>Foglal\u00e1s lemond\u00e1sa<\/h2>\n<p>Add meg a foglal\u00e1s azonos\u00edt\u00f3d a foglal\u00e1s lemond\u00e1s\u00e1hoz. <strong>Figyelem! Csak 24 \u00f3r\u00e1n t\u00fal tudod lemondani a foglal\u00e1sod.<\/strong><\/p>\n   <style>\n    .order-cancel-wrapper {\n        max-width: 400px;\n        margin: 40px auto;\n        padding: 30px;\n        background: #fefefe;\n        border: 1px solid #eee;\n        border-radius: 12px;\n        box-shadow: 0 4px 12px rgba(0,0,0,0.05);\n        font-family: \"Segoe UI\", Roboto, sans-serif;\n    }\n\n    .order-cancel-wrapper label {\n        font-weight: 600;\n        display: block;\n        margin-bottom: 6px;\n        color: #333;\n    }\n\n    .order-cancel-wrapper input[type=\"number\"] {\n        width: 100%;\n        padding: 10px 14px;\n        font-size: 16px;\n        border: 1px solid #ccc;\n        border-radius: 6px;\n        margin-bottom: 20px;\n        transition: border-color 0.2s;\n    }\n\n    .order-cancel-wrapper input[type=\"number\"]:focus {\n        border-color: #DC2751;\n        outline: none;\n    }\n\n    .order-cancel-wrapper button {\n        background-color: #DC2751;\n        color: white;\n        border: none;\n        padding: 12px 20px;\n        font-size: 16px;\n        font-weight: bold;\n        border-radius: 6px;\n        cursor: pointer;\n        width: 100%;\n        transition: background 0.3s ease;\n    }\n\n    .order-cancel-wrapper button:hover {\n        background-color: #bb1d42;\n    }\n\n    .order-cancel-response {\n        margin-top: 20px;\n        font-weight: 600;\n        text-align: center;\n    }\n    <\/style>\n    <div class=\"order-cancel-wrapper\">\n        <form id=\"order-cancel-form\" method=\"post\">\n            <label for=\"order_id\">Foglal\u00e1si azonos\u00edt\u00f3:<\/label>\n            <input type=\"number\" name=\"order_id\" id=\"order_id\" required>\n            <button type=\"submit\">Lemond\u00e1s k\u00e9r\u00e9se<\/button>\n        <\/form>\n        <div id=\"cancel-response\" class=\"order-cancel-response\"><\/div>\n    <\/div>\n\n    <script>\n    document.addEventListener('DOMContentLoaded', function () {\n        const form = document.getElementById('order-cancel-form');\n        const responseBox = document.getElementById('cancel-response');\n        form.addEventListener('submit', function (e) {\n            e.preventDefault();\n            const orderId = document.getElementById('order_id').value;\n            fetch(\"https:\/\/instant-fogas.com\/wp-admin\/admin-ajax.php\", {\n                method: \"POST\",\n                headers: {\n                    \"Content-Type\": \"application\/x-www-form-urlencoded\"\n                },\n                body: new URLSearchParams({\n                    action: \"cancel_woo_order\",\n                    order_id: orderId\n                })\n            })\n            .then(res => res.json())\n            .then(data => {\n                responseBox.textContent = data.message;\n                responseBox.style.color = data.success ? \"#4CAF50\" : \"#DC2751\";\n            })\n            .catch(() => {\n                responseBox.textContent = \"Hiba t\u00f6rt\u00e9nt a k\u00e9r\u00e9s sor\u00e1n.\";\n                responseBox.style.color = \"#DC2751\";\n            });\n        });\n    });\n    <\/script>\n    \n","protected":false},"excerpt":{"rendered":"<p>Foglal\u00e1s lemond\u00e1sa Add meg a&#8230;<\/p>\n","protected":false},"author":17,"featured_media":0,"parent":0,"menu_order":0,"comment_status":"closed","ping_status":"closed","template":"elementor_header_footer","meta":{"inline_featured_image":false,"footnotes":""},"class_list":["post-503","page","type-page","status-publish"],"yoast_head":"<!-- This site is optimized with the Yoast SEO plugin v27.3 - https:\/\/yoast.com\/product\/yoast-seo-wordpress\/ -->\n<title>Foglal\u00e1s lemond\u00e1sa - Instant-Fogas komplexum<\/title>\n<meta name=\"robots\" content=\"index, follow, max-snippet:-1, max-image-preview:large, max-video-preview:-1\" \/>\n<link rel=\"canonical\" href=\"https:\/\/instant-fogas.com\/hu\/foglalas-lemondasa\/\" \/>\n<meta property=\"og:locale\" content=\"hu_HU\" \/>\n<meta property=\"og:type\" content=\"article\" \/>\n<meta property=\"og:title\" content=\"Foglal\u00e1s lemond\u00e1sa - Instant-Fogas komplexum\" \/>\n<meta property=\"og:description\" content=\"Foglal\u00e1s lemond\u00e1sa Add meg a...\" \/>\n<meta property=\"og:url\" content=\"https:\/\/instant-fogas.com\/hu\/foglalas-lemondasa\/\" \/>\n<meta property=\"og:site_name\" content=\"Instant-Fogas komplexum\" \/>\n<meta name=\"twitter:card\" content=\"summary_large_image\" \/>\n<script type=\"application\/ld+json\" class=\"yoast-schema-graph\">{\"@context\":\"https:\\\/\\\/schema.org\",\"@graph\":[{\"@type\":\"WebPage\",\"@id\":\"https:\\\/\\\/instant-fogas.com\\\/hu\\\/foglalas-lemondasa\\\/\",\"url\":\"https:\\\/\\\/instant-fogas.com\\\/hu\\\/foglalas-lemondasa\\\/\",\"name\":\"Foglal\u00e1s lemond\u00e1sa - Instant-Fogas komplexum\",\"isPartOf\":{\"@id\":\"https:\\\/\\\/instant-fogas.com\\\/hu\\\/#website\"},\"datePublished\":\"2025-04-24T12:04:11+00:00\",\"breadcrumb\":{\"@id\":\"https:\\\/\\\/instant-fogas.com\\\/hu\\\/foglalas-lemondasa\\\/#breadcrumb\"},\"inLanguage\":\"hu\",\"potentialAction\":[{\"@type\":\"ReadAction\",\"target\":[\"https:\\\/\\\/instant-fogas.com\\\/hu\\\/foglalas-lemondasa\\\/\"]}]},{\"@type\":\"BreadcrumbList\",\"@id\":\"https:\\\/\\\/instant-fogas.com\\\/hu\\\/foglalas-lemondasa\\\/#breadcrumb\",\"itemListElement\":[{\"@type\":\"ListItem\",\"position\":1,\"name\":\"Kezd\u0151lap\",\"item\":\"https:\\\/\\\/instant-fogas.com\\\/hu\\\/\"},{\"@type\":\"ListItem\",\"position\":2,\"name\":\"Foglal\u00e1s lemond\u00e1sa\"}]},{\"@type\":\"WebSite\",\"@id\":\"https:\\\/\\\/instant-fogas.com\\\/hu\\\/#website\",\"url\":\"https:\\\/\\\/instant-fogas.com\\\/hu\\\/\",\"name\":\"Instant-Fogas komplexum\",\"description\":\"Instant-Fogas komplexum\",\"publisher\":{\"@id\":\"https:\\\/\\\/instant-fogas.com\\\/hu\\\/#organization\"},\"potentialAction\":[{\"@type\":\"SearchAction\",\"target\":{\"@type\":\"EntryPoint\",\"urlTemplate\":\"https:\\\/\\\/instant-fogas.com\\\/hu\\\/?s={search_term_string}\"},\"query-input\":{\"@type\":\"PropertyValueSpecification\",\"valueRequired\":true,\"valueName\":\"search_term_string\"}}],\"inLanguage\":\"hu\"},{\"@type\":\"Organization\",\"@id\":\"https:\\\/\\\/instant-fogas.com\\\/hu\\\/#organization\",\"name\":\"Instant-Fogas complex\",\"url\":\"https:\\\/\\\/instant-fogas.com\\\/hu\\\/\",\"logo\":{\"@type\":\"ImageObject\",\"inLanguage\":\"hu\",\"@id\":\"https:\\\/\\\/instant-fogas.com\\\/hu\\\/#\\\/schema\\\/logo\\\/image\\\/\",\"url\":\"https:\\\/\\\/instant-fogas.com\\\/wp-content\\\/uploads\\\/2019\\\/11\\\/Instant_logo_kek-1.svg\",\"contentUrl\":\"https:\\\/\\\/instant-fogas.com\\\/wp-content\\\/uploads\\\/2019\\\/11\\\/Instant_logo_kek-1.svg\",\"width\":166,\"height\":166,\"caption\":\"Instant-Fogas complex\"},\"image\":{\"@id\":\"https:\\\/\\\/instant-fogas.com\\\/hu\\\/#\\\/schema\\\/logo\\\/image\\\/\"}}]}<\/script>\n<!-- \/ Yoast SEO plugin. -->","yoast_head_json":{"title":"Foglal\u00e1s lemond\u00e1sa - Instant-Fogas komplexum","robots":{"index":"index","follow":"follow","max-snippet":"max-snippet:-1","max-image-preview":"max-image-preview:large","max-video-preview":"max-video-preview:-1"},"canonical":"https:\/\/instant-fogas.com\/hu\/foglalas-lemondasa\/","og_locale":"hu_HU","og_type":"article","og_title":"Foglal\u00e1s lemond\u00e1sa - Instant-Fogas komplexum","og_description":"Foglal\u00e1s lemond\u00e1sa Add meg a...","og_url":"https:\/\/instant-fogas.com\/hu\/foglalas-lemondasa\/","og_site_name":"Instant-Fogas komplexum","twitter_card":"summary_large_image","schema":{"@context":"https:\/\/schema.org","@graph":[{"@type":"WebPage","@id":"https:\/\/instant-fogas.com\/hu\/foglalas-lemondasa\/","url":"https:\/\/instant-fogas.com\/hu\/foglalas-lemondasa\/","name":"Foglal\u00e1s lemond\u00e1sa - Instant-Fogas komplexum","isPartOf":{"@id":"https:\/\/instant-fogas.com\/hu\/#website"},"datePublished":"2025-04-24T12:04:11+00:00","breadcrumb":{"@id":"https:\/\/instant-fogas.com\/hu\/foglalas-lemondasa\/#breadcrumb"},"inLanguage":"hu","potentialAction":[{"@type":"ReadAction","target":["https:\/\/instant-fogas.com\/hu\/foglalas-lemondasa\/"]}]},{"@type":"BreadcrumbList","@id":"https:\/\/instant-fogas.com\/hu\/foglalas-lemondasa\/#breadcrumb","itemListElement":[{"@type":"ListItem","position":1,"name":"Kezd\u0151lap","item":"https:\/\/instant-fogas.com\/hu\/"},{"@type":"ListItem","position":2,"name":"Foglal\u00e1s lemond\u00e1sa"}]},{"@type":"WebSite","@id":"https:\/\/instant-fogas.com\/hu\/#website","url":"https:\/\/instant-fogas.com\/hu\/","name":"Instant-Fogas komplexum","description":"Instant-Fogas komplexum","publisher":{"@id":"https:\/\/instant-fogas.com\/hu\/#organization"},"potentialAction":[{"@type":"SearchAction","target":{"@type":"EntryPoint","urlTemplate":"https:\/\/instant-fogas.com\/hu\/?s={search_term_string}"},"query-input":{"@type":"PropertyValueSpecification","valueRequired":true,"valueName":"search_term_string"}}],"inLanguage":"hu"},{"@type":"Organization","@id":"https:\/\/instant-fogas.com\/hu\/#organization","name":"Instant-Fogas complex","url":"https:\/\/instant-fogas.com\/hu\/","logo":{"@type":"ImageObject","inLanguage":"hu","@id":"https:\/\/instant-fogas.com\/hu\/#\/schema\/logo\/image\/","url":"https:\/\/instant-fogas.com\/wp-content\/uploads\/2019\/11\/Instant_logo_kek-1.svg","contentUrl":"https:\/\/instant-fogas.com\/wp-content\/uploads\/2019\/11\/Instant_logo_kek-1.svg","width":166,"height":166,"caption":"Instant-Fogas complex"},"image":{"@id":"https:\/\/instant-fogas.com\/hu\/#\/schema\/logo\/image\/"}}]}},"_links":{"self":[{"href":"https:\/\/instant-fogas.com\/hu\/wp-json\/wp\/v2\/pages\/503","targetHints":{"allow":["GET"]}}],"collection":[{"href":"https:\/\/instant-fogas.com\/hu\/wp-json\/wp\/v2\/pages"}],"about":[{"href":"https:\/\/instant-fogas.com\/hu\/wp-json\/wp\/v2\/types\/page"}],"author":[{"embeddable":true,"href":"https:\/\/instant-fogas.com\/hu\/wp-json\/wp\/v2\/users\/17"}],"replies":[{"embeddable":true,"href":"https:\/\/instant-fogas.com\/hu\/wp-json\/wp\/v2\/comments?post=503"}],"version-history":[{"count":0,"href":"https:\/\/instant-fogas.com\/hu\/wp-json\/wp\/v2\/pages\/503\/revisions"}],"wp:attachment":[{"href":"https:\/\/instant-fogas.com\/hu\/wp-json\/wp\/v2\/media?parent=503"}],"curies":[{"name":"wp","href":"https:\/\/api.w.org\/{rel}","templated":true}]}}