{"id":26369,"date":"2019-12-01T01:56:36","date_gmt":"2019-12-01T00:56:36","guid":{"rendered":"https:\/\/instant-fogas-devel.d250.hu\/?page_id=26369"},"modified":"2025-09-03T00:30:02","modified_gmt":"2025-09-02T22:30:02","slug":"felhasznalasi-feltetelek","status":"publish","type":"page","link":"https:\/\/instant-fogas.com\/hu\/felhasznalasi-feltetelek\/","title":{"rendered":"\u00c1ltal\u00e1nos Felhaszn\u00e1l\u00e1si Felt\u00e9telek"},"content":{"rendered":"<div class=\"wpb-content-wrapper\"><p>[vc_row][vc_column][vc_empty_space height=&#8221;8vh&#8221;][vc_column_text]<\/p>\n<h1 style=\"text-align: center;\">\u00c1ltal\u00e1nos Felhaszn\u00e1l\u00e1si Felt\u00e9telek<\/h1>\n<h3><strong><span style=\"color: #031322;\">\u00c1ltal\u00e1nos rendelkez\u00e9sek<\/span><\/strong><\/h3>\n<h5><span style=\"color: #031322;\">C\u00e9gadatok:<\/span><\/h5>\n<table>\n<tbody>\n<tr>\n<td><strong>\u00dczemeltet\u0151 nev\u00e9ben<\/strong><\/td>\n<td>TaintedRuInn2014 Kft.<\/td>\n<\/tr>\n<tr>\n<td><strong>Sz\u00e9khely<\/strong>:<\/td>\n<td>1073 Budapest, Ak\u00e1cfa utca 51.<\/td>\n<\/tr>\n<tr>\n<td><strong>C\u00e9gjegyz\u00e9ksz\u00e1ma<\/strong>:<\/td>\n<td>01-09-183664<\/td>\n<\/tr>\n<tr>\n<td><strong>Ad\u00f3sz\u00e1ma<\/strong>:<\/td>\n<td>HU 24812496<\/td>\n<\/tr>\n<tr>\n<td><strong>E-mail c\u00edme<\/strong>:<\/td>\n<td>info@instant-fogas.com<\/td>\n<\/tr>\n<tr>\n<td><strong>Honlapj\u00e1nak c\u00edme<\/strong>:<\/td>\n<td>www.instant-fogas.com<\/td>\n<\/tr>\n<tr>\n<td><strong>Telefonos \u00fcgyf\u00e9lszolg\u00e1lat<\/strong>:<\/td>\n<td>+3670 638 5040<\/td>\n<\/tr>\n<tr>\n<td><strong>\u00dcgyint\u00e9z\u00e9s:<\/strong><\/td>\n<td>Munkanapokon 13.00 \u2013 21.00 \u00f3ra k\u00f6z\u00f6tt<\/td>\n<\/tr>\n<\/tbody>\n<\/table>\n<p>&nbsp;<\/p>\n<p>1. Az \u00c1ltal\u00e1nos Szerz\u0151d\u00e9si Felt\u00e9telek (a tov\u00e1bbiakban: \u00c1SZF) hat\u00e1rozza meg a szolg\u00e1ltat\u00f3 weboldal\u00e1nak \u00e9s szolg\u00e1ltat\u00e1sainak felhaszn\u00e1l\u00e1si felt\u00e9teleit, valamint a Szolg\u00e1ltat\u00f3 \u00e9s a L\u00e1togat\u00f3 k\u00f6z\u00f6tt keletkez\u0151 jogokat \u00e9s k\u00f6telezetts\u00e9geket.<br \/>\n2. A jelen dokumentum szerinti weboldal tartalmazza a weboldalon megtal\u00e1lhat\u00f3 m\u00e9diatartalmakat, list\u00e1zott rendezv\u00e9nyeket \u00e9s egy\u00e9b inform\u00e1ci\u00f3kat.<br \/>\n3. A szolg\u00e1ltat\u00f3i weboldal\u00e1t kiz\u00e1r\u00f3lag 18. \u00e9let\u00e9v\u00e9t bet\u00f6lt\u00f6tt szem\u00e9ly jogosult haszn\u00e1lni.<br \/>\n4. A L\u00e1togat\u00f3 a rendszer haszn\u00e1lat\u00e1val elfogadja, hogy a weboldalon tal\u00e1lhat\u00f3 m\u00e9diatartalmak (pl. k\u00e9pek, vide\u00f3k, hangf\u00e1jlok) szigor\u00fa szerz\u0151i jogi v\u00e9delem alatt \u00e1llnak \u00e9s a jogszab\u00e1lyokt\u00f3l elt\u00e9r\u0151 felhaszn\u00e1l\u00e1sa jogi k\u00f6vetkezm\u00e9nyekkel j\u00e1r. Felhaszn\u00e1l\u00e1ssal kapcsolatos enged\u00e9lyt megadott el\u00e9rhet\u0151s\u00e9geinken ig\u00e9nyelhet.<br \/>\n5. A L\u00e1togat\u00f3 a rendszer haszn\u00e1lat\u00e1val elfogadja, hogy a programok list\u00e1j\u00e1ban \u00e9s adataiban fenn\u00e1ll a hiba lehet\u0151s\u00e9ge.<br \/>\n6. Az \u00c1SZF nyelve magyar, a felek k\u00f6z\u00f6tti szerz\u0151d\u00e9s magyar nyelven j\u00f6n l\u00e9tre.<\/p>\n<h3><strong>A felhaszn\u00e1l\u00f3k adatai online foglal\u00e1sok sor\u00e1n<\/strong><\/h3>\n<ol>\n<li>A Szolg\u00e1ltat\u00f3 fenntartja mag\u00e1nak a jogot, hogy a Felhaszn\u00e1l\u00f3 foglal\u00e1si ig\u00e9ny\u00e9t indokolt esetben visszautas\u00edtsa, \u00edgy k\u00fcl\u00f6n\u00f6sen val\u00f3tlan, vagy hi\u00e1nyos adatok megad\u00e1sa, vagy nem teljes\u00edthet\u0151 ig\u00e9nyek (pl. telt h\u00e1z) eset\u00e9n.<\/li>\n<li>A foglal\u00e1sok online el\u00e9rhet\u0151s\u00e9geinken mondhat\u00f3k vissza.<\/li>\n<li>A Szolg\u00e1ltat\u00f3 kijelenti, hogy a megadott adatokat csak a felhaszn\u00e1l\u00f3 \u00e1ltal ig\u00e9nyelt kapcsolatfelv\u00e9tel c\u00e9lj\u00e1b\u00f3l t\u00e1rol \u00e9s haszn\u00e1l fel. Az adatokat a foglal\u00e1si id\u0151pontt\u00f3l sz\u00e1m\u00edtott 12 h\u00f3napon bel\u00fcl t\u00f6r\u00fclj\u00fck.<\/li>\n<li>A felhaszn\u00e1l\u00f3 a r\u00f3la t\u00e1rolt adatokba b\u00e1rmikor betekint\u00e9st nyerhet, \u00e9s b\u00e1rmikor ig\u00e9nyelheti azok azonnali \u00e9s v\u00e9gleges t\u00f6rl\u00e9s\u00e9t nyilv\u00e1nos el\u00e9rhet\u0151s\u00e9geinken.<\/li>\n<li>A foglal\u00e1si ig\u00e9ny be\u00e9rk\u00e9z\u00e9s\u00e9t k\u00f6vet\u0151en koll\u00e9g\u00e1ink felveszik a kapcsolatot az \u0171rlapon megadott el\u00e9rhet\u0151s\u00e9geken az ig\u00e9nyl\u0151 felhaszn\u00e1l\u00f3val. A foglal\u00e1s csak az Instant-Fogas sz\u00f3beli vagy \u00edr\u00e1sbeli meger\u0151s\u00edt\u00e9s\u00e9vel lehet v\u00e9glegesnek tekinteni.<\/li>\n<li>A felhaszn\u00e1l\u00f3 a foglal\u00e1s v\u00e9gleges\u00edt\u00e9s\u00e9vel elfogadja a foglal\u00e1si \u00e9s lemond\u00e1si szab\u00e1lyzatot:<\/li>\n<\/ol>\n<p>&#8211; A lefoglalt asztalt 15 percig tudjuk fenntartani<br \/>\n&#8211; Amennyiben a felhaszn\u00e1l\u00f3 lek\u00e9ste a foglal\u00e1si id\u0151pontot, asztalt m\u00e1r nem tudunk biztos\u00edtani viszont az el\u0151re kifizetett italcsomagot a pultn\u00e1l ki tudja k\u00e9rni.<br \/>\n&#8211; A felhaszn\u00e1l\u00f3 a foglal\u00e1st legk\u00e9s\u0151bb az azt megel\u0151z\u0151 nap 19:00 \u00f3r\u00e1ig tudja lemondani. Ha ez siker\u00fcl, az italcsomag \u00e1r\u00e1t n\u00e9h\u00e1ny munkanapon bel\u00fcl visszat\u00e9r\u00edtj\u00fck<br \/>\n&#8211; Ha a Felhaszn\u00e1l\u00f3 nem \u00e9rkezik meg a foglal\u00e1si napon abban az esetben nem \u00e1ll m\u00f3dunkban visszat\u00e9r\u00edteni az el\u0151re kifizetett csomag \u00e1r\u00e1t.<br \/>\n&#8211; A v\u00e1ltoz\u00e1s jog\u00e1t fenntartjuk! El\u0151fordulhat, hogy m\u00e1s teremben tudunk asztalt biztos\u00edtani, mint amit a felhaszn\u00e1l\u00f3 foglalt.<\/p>\n<h3><strong> XI. A honlapon megjelen\u0151 v\u00e9djegyek \u00e9s szerz\u0151i jogok<\/strong><\/h3>\n<ol>\n<li>A Szolg\u00e1ltat\u00e1s honlapj\u00e1n megjelen\u0151 v\u00e9djegyek a Szolg\u00e1ltat\u00f3, illetve m\u00e1s jogtulajdonosok kiz\u00e1r\u00f3lagos tulajdon\u00e1t k\u00e9pezik. Ezen megjel\u00f6l\u00e9seket a Szolg\u00e1ltat\u00f3, illetve a jogtulajdonosok kifejezett \u00e9s el\u0151zetes \u00edr\u00e1sbeli j\u00f3v\u00e1hagy\u00e1sa n\u00e9lk\u00fcl harmadik szem\u00e9lyek semmilyen m\u00f3don nem haszn\u00e1lhatj\u00e1k, nem terjeszthetik, \u00e9s nem tehetik k\u00f6zz\u00e9.<\/li>\n<li>A honlapon el\u00e9rhet\u0151 inform\u00e1ci\u00f3k \u00e9s m\u00e1s dokumentumok szerz\u0151i jogi v\u00e9delem alatt \u00e1llnak, az ezekhez f\u0171z\u0151d\u0151 jogok a Szolg\u00e1ltat\u00f3t, illetve a jogtulajdonosokat illetik meg. A honlapon el\u00e9rhet\u0151 inform\u00e1ci\u00f3kat \u00e9s egy\u00e9b anyagokat a Szolg\u00e1ltat\u00f3, illetve a jogtulajdonosok kifejezett el\u0151zetes \u00edr\u00e1sbeli j\u00f3v\u00e1hagy\u00e1sa n\u00e9lk\u00fcl harmadik szem\u00e9lyek a honlap c\u00e9lj\u00e1t\u00f3l elt\u00e9r\u0151en nem haszn\u00e1lhatj\u00e1k, nem m\u00e1solhatj\u00e1k, nem terjeszthetik, \u00e9s nem tehetik k\u00f6zz\u00e9.<\/li>\n<li>A felhaszn\u00e1l\u00f3 \u00e1ltal a honlap haszn\u00e1lat\u00e1val kapcsolatban k\u00f6z\u00f6lt megjegyz\u00e9seken (pl. chat, blog), \u00e9szrev\u00e9teleken, javaslatokon \u00e9s \u00f6tleteken a Szolg\u00e1ltat\u00f3 korl\u00e1tlan \u00e9s kiz\u00e1r\u00f3lagos felhaszn\u00e1l\u00e1si jogosults\u00e1got szerez, ez azonban nem jelenti azt, hogy b\u00e1rmely bejegyz\u00e9s, megjegyz\u00e9s stb. a Szolg\u00e1ltat\u00f3 v\u00e9lem\u00e9ny\u00e9t t\u00fckr\u00f6zn\u00e9. A Szolg\u00e1ltat\u00f3 korl\u00e1toz\u00e1s n\u00e9lk\u00fcl jogosult a\u00a0<em>felhaszn\u00e1l\u00f3 <\/em>\u00e9szrev\u00e9teleinek hasznos\u00edt\u00e1s\u00e1ra, felhaszn\u00e1l\u00e1s\u00e1ra, \u00e1tad\u00e1s\u00e1ra, k\u00f6zz\u00e9t\u00e9tel\u00e9re, t\u00f6rl\u00e9s\u00e9re, nyilv\u00e1noss\u00e1gra hozatal\u00e1ra an\u00e9lk\u00fcl, hogy a felhaszn\u00e1l\u00f3 r\u00e9sz\u00e9re ez\u00e9rt b\u00e1rmilyen m\u00f3don ellenszolg\u00e1ltat\u00e1st kellene ny\u00fajtania.<\/li>\n<\/ol>\n<h3><strong>XIII. Z\u00e1r\u00f3 rendelkez\u00e9sek<\/strong><\/h3>\n<ol>\n<li>A Szolg\u00e1ltat\u00f3 jogosult alv\u00e1llalkoz\u00f3kat, adatfeldolgoz\u00f3kat ig\u00e9nybe venni. Az alv\u00e1llalkoz\u00f3k\u00e9rt, adatfeldolgoz\u00f3k\u00e9rt \u00fagy felel, mintha a szolg\u00e1ltat\u00e1st maga ny\u00fajtotta volna.<\/li>\n<li>A jelen \u00c1SZF magyar nyelven k\u00e9sz\u00fclt, \u00e9rtelmez\u00e9s\u00e9ben a magyar jog szab\u00e1lyai az ir\u00e1nyad\u00f3k.<\/li>\n<li>A jelen \u00c1SZF-ben nem szab\u00e1lyozott k\u00e9rd\u00e9sekben a Ptk. vonatkoz\u00f3 rendelkez\u00e9sei megfelel\u0151en ir\u00e1nyad\u00f3ak.<\/li>\n<\/ol>\n<h3><strong>Jelen szab\u00e1lyzatra vonatkoz\u00f3 f\u0151bb jogszab\u00e1lyok:<\/strong><\/h3>\n<ul>\n<li>A Polg\u00e1ri T\u00f6rv\u00e9nyk\u00f6nyvr\u0151l 2013. \u00e9vi V. t\u00f6rv\u00e9ny (a tov\u00e1bbiakban: Ptk.)<\/li>\n<li>Az elektronikus kereskedelmi szolg\u00e1ltat\u00e1sok, valamint az inform\u00e1ci\u00f3s t\u00e1rsadalommal \u00f6sszef\u00fcgg\u0151 szolg\u00e1ltat\u00e1sok egyes k\u00e9rd\u00e9seir\u0151l sz\u00f3l\u00f3 2001. \u00e9vi CVIII. t\u00f6rv\u00e9ny (a tov\u00e1bbiakban: elektronikus kereskedelmi t\u00f6rv\u00e9ny)<\/li>\n<li>A fogyaszt\u00f3v\u00e9delemr\u0151l sz\u00f3l\u00f3 1997. \u00e9vi CLV. t\u00f6rv\u00e9ny<\/li>\n<li>Az inform\u00e1ci\u00f3s \u00f6nrendelkez\u00e9si jogr\u00f3l \u00e9s az inform\u00e1ci\u00f3szabads\u00e1gr\u00f3l sz\u00f3l\u00f3 2011. \u00e9vi CXII. t\u00f6rv\u00e9ny<\/li>\n<\/ul>\n<p>[\/vc_column_text][vc_empty_space height=&#8221;8vh&#8221;][\/vc_column][\/vc_row]<\/p>\n<\/div>","protected":false},"excerpt":{"rendered":"<p>[vc_row][vc_column][vc_empty_space height=&#8221;8vh&#8221;][vc_column_text] \u00c1ltal\u00e1nos Felhaszn\u00e1l\u00e1si Felt\u00e9telek&#8230;<\/p>\n","protected":false},"author":1,"featured_media":0,"parent":0,"menu_order":0,"comment_status":"closed","ping_status":"closed","template":"","meta":{"inline_featured_image":false,"footnotes":""},"class_list":["post-26369","page","type-page","status-publish"],"yoast_head":"<!-- This site is optimized with the Yoast SEO plugin v27.3 - https:\/\/yoast.com\/product\/yoast-seo-wordpress\/ -->\n<title>\u00c1ltal\u00e1nos Felhaszn\u00e1l\u00e1si Felt\u00e9telek - Instant-Fogas komplexum<\/title>\n<meta name=\"robots\" content=\"index, follow, max-snippet:-1, max-image-preview:large, max-video-preview:-1\" \/>\n<link rel=\"canonical\" href=\"https:\/\/instant-fogas.com\/hu\/felhasznalasi-feltetelek\/\" \/>\n<meta property=\"og:locale\" content=\"hu_HU\" \/>\n<meta property=\"og:type\" content=\"article\" \/>\n<meta property=\"og:title\" content=\"\u00c1ltal\u00e1nos Felhaszn\u00e1l\u00e1si Felt\u00e9telek - Instant-Fogas komplexum\" \/>\n<meta property=\"og:description\" content=\"[vc_row][vc_column][vc_empty_space height=&#8221;8vh&#8221;][vc_column_text] \u00c1ltal\u00e1nos Felhaszn\u00e1l\u00e1si Felt\u00e9telek...\" \/>\n<meta property=\"og:url\" content=\"https:\/\/instant-fogas.com\/hu\/felhasznalasi-feltetelek\/\" \/>\n<meta property=\"og:site_name\" content=\"Instant-Fogas komplexum\" \/>\n<meta property=\"article:modified_time\" content=\"2025-09-02T22:30:02+00:00\" \/>\n<meta name=\"twitter:card\" content=\"summary_large_image\" \/>\n<meta name=\"twitter:label1\" content=\"Becs\u00fclt olvas\u00e1si id\u0151\" \/>\n\t<meta name=\"twitter:data1\" content=\"4 perc\" \/>\n<script type=\"application\/ld+json\" class=\"yoast-schema-graph\">{\"@context\":\"https:\\\/\\\/schema.org\",\"@graph\":[{\"@type\":\"WebPage\",\"@id\":\"https:\\\/\\\/instant-fogas.com\\\/hu\\\/felhasznalasi-feltetelek\\\/\",\"url\":\"https:\\\/\\\/instant-fogas.com\\\/hu\\\/felhasznalasi-feltetelek\\\/\",\"name\":\"\u00c1ltal\u00e1nos Felhaszn\u00e1l\u00e1si Felt\u00e9telek - Instant-Fogas komplexum\",\"isPartOf\":{\"@id\":\"https:\\\/\\\/instant-fogas.com\\\/hu\\\/#website\"},\"datePublished\":\"2019-12-01T00:56:36+00:00\",\"dateModified\":\"2025-09-02T22:30:02+00:00\",\"breadcrumb\":{\"@id\":\"https:\\\/\\\/instant-fogas.com\\\/hu\\\/felhasznalasi-feltetelek\\\/#breadcrumb\"},\"inLanguage\":\"hu\",\"potentialAction\":[{\"@type\":\"ReadAction\",\"target\":[\"https:\\\/\\\/instant-fogas.com\\\/hu\\\/felhasznalasi-feltetelek\\\/\"]}]},{\"@type\":\"BreadcrumbList\",\"@id\":\"https:\\\/\\\/instant-fogas.com\\\/hu\\\/felhasznalasi-feltetelek\\\/#breadcrumb\",\"itemListElement\":[{\"@type\":\"ListItem\",\"position\":1,\"name\":\"Kezd\u0151lap\",\"item\":\"https:\\\/\\\/instant-fogas.com\\\/hu\\\/\"},{\"@type\":\"ListItem\",\"position\":2,\"name\":\"\u00c1ltal\u00e1nos Felhaszn\u00e1l\u00e1si Felt\u00e9telek\"}]},{\"@type\":\"WebSite\",\"@id\":\"https:\\\/\\\/instant-fogas.com\\\/hu\\\/#website\",\"url\":\"https:\\\/\\\/instant-fogas.com\\\/hu\\\/\",\"name\":\"Instant-Fogas komplexum\",\"description\":\"Instant-Fogas komplexum\",\"publisher\":{\"@id\":\"https:\\\/\\\/instant-fogas.com\\\/hu\\\/#organization\"},\"potentialAction\":[{\"@type\":\"SearchAction\",\"target\":{\"@type\":\"EntryPoint\",\"urlTemplate\":\"https:\\\/\\\/instant-fogas.com\\\/hu\\\/?s={search_term_string}\"},\"query-input\":{\"@type\":\"PropertyValueSpecification\",\"valueRequired\":true,\"valueName\":\"search_term_string\"}}],\"inLanguage\":\"hu\"},{\"@type\":\"Organization\",\"@id\":\"https:\\\/\\\/instant-fogas.com\\\/hu\\\/#organization\",\"name\":\"Instant-Fogas complex\",\"url\":\"https:\\\/\\\/instant-fogas.com\\\/hu\\\/\",\"logo\":{\"@type\":\"ImageObject\",\"inLanguage\":\"hu\",\"@id\":\"https:\\\/\\\/instant-fogas.com\\\/hu\\\/#\\\/schema\\\/logo\\\/image\\\/\",\"url\":\"https:\\\/\\\/instant-fogas.com\\\/wp-content\\\/uploads\\\/2019\\\/11\\\/Instant_logo_kek-1.svg\",\"contentUrl\":\"https:\\\/\\\/instant-fogas.com\\\/wp-content\\\/uploads\\\/2019\\\/11\\\/Instant_logo_kek-1.svg\",\"width\":166,\"height\":166,\"caption\":\"Instant-Fogas complex\"},\"image\":{\"@id\":\"https:\\\/\\\/instant-fogas.com\\\/hu\\\/#\\\/schema\\\/logo\\\/image\\\/\"}}]}<\/script>\n<!-- \/ Yoast SEO plugin. -->","yoast_head_json":{"title":"\u00c1ltal\u00e1nos Felhaszn\u00e1l\u00e1si Felt\u00e9telek - Instant-Fogas komplexum","robots":{"index":"index","follow":"follow","max-snippet":"max-snippet:-1","max-image-preview":"max-image-preview:large","max-video-preview":"max-video-preview:-1"},"canonical":"https:\/\/instant-fogas.com\/hu\/felhasznalasi-feltetelek\/","og_locale":"hu_HU","og_type":"article","og_title":"\u00c1ltal\u00e1nos Felhaszn\u00e1l\u00e1si Felt\u00e9telek - Instant-Fogas komplexum","og_description":"[vc_row][vc_column][vc_empty_space height=&#8221;8vh&#8221;][vc_column_text] \u00c1ltal\u00e1nos Felhaszn\u00e1l\u00e1si Felt\u00e9telek...","og_url":"https:\/\/instant-fogas.com\/hu\/felhasznalasi-feltetelek\/","og_site_name":"Instant-Fogas komplexum","article_modified_time":"2025-09-02T22:30:02+00:00","twitter_card":"summary_large_image","twitter_misc":{"Becs\u00fclt olvas\u00e1si id\u0151":"4 perc"},"schema":{"@context":"https:\/\/schema.org","@graph":[{"@type":"WebPage","@id":"https:\/\/instant-fogas.com\/hu\/felhasznalasi-feltetelek\/","url":"https:\/\/instant-fogas.com\/hu\/felhasznalasi-feltetelek\/","name":"\u00c1ltal\u00e1nos Felhaszn\u00e1l\u00e1si Felt\u00e9telek - Instant-Fogas komplexum","isPartOf":{"@id":"https:\/\/instant-fogas.com\/hu\/#website"},"datePublished":"2019-12-01T00:56:36+00:00","dateModified":"2025-09-02T22:30:02+00:00","breadcrumb":{"@id":"https:\/\/instant-fogas.com\/hu\/felhasznalasi-feltetelek\/#breadcrumb"},"inLanguage":"hu","potentialAction":[{"@type":"ReadAction","target":["https:\/\/instant-fogas.com\/hu\/felhasznalasi-feltetelek\/"]}]},{"@type":"BreadcrumbList","@id":"https:\/\/instant-fogas.com\/hu\/felhasznalasi-feltetelek\/#breadcrumb","itemListElement":[{"@type":"ListItem","position":1,"name":"Kezd\u0151lap","item":"https:\/\/instant-fogas.com\/hu\/"},{"@type":"ListItem","position":2,"name":"\u00c1ltal\u00e1nos Felhaszn\u00e1l\u00e1si Felt\u00e9telek"}]},{"@type":"WebSite","@id":"https:\/\/instant-fogas.com\/hu\/#website","url":"https:\/\/instant-fogas.com\/hu\/","name":"Instant-Fogas komplexum","description":"Instant-Fogas komplexum","publisher":{"@id":"https:\/\/instant-fogas.com\/hu\/#organization"},"potentialAction":[{"@type":"SearchAction","target":{"@type":"EntryPoint","urlTemplate":"https:\/\/instant-fogas.com\/hu\/?s={search_term_string}"},"query-input":{"@type":"PropertyValueSpecification","valueRequired":true,"valueName":"search_term_string"}}],"inLanguage":"hu"},{"@type":"Organization","@id":"https:\/\/instant-fogas.com\/hu\/#organization","name":"Instant-Fogas complex","url":"https:\/\/instant-fogas.com\/hu\/","logo":{"@type":"ImageObject","inLanguage":"hu","@id":"https:\/\/instant-fogas.com\/hu\/#\/schema\/logo\/image\/","url":"https:\/\/instant-fogas.com\/wp-content\/uploads\/2019\/11\/Instant_logo_kek-1.svg","contentUrl":"https:\/\/instant-fogas.com\/wp-content\/uploads\/2019\/11\/Instant_logo_kek-1.svg","width":166,"height":166,"caption":"Instant-Fogas complex"},"image":{"@id":"https:\/\/instant-fogas.com\/hu\/#\/schema\/logo\/image\/"}}]}},"_links":{"self":[{"href":"https:\/\/instant-fogas.com\/hu\/wp-json\/wp\/v2\/pages\/26369","targetHints":{"allow":["GET"]}}],"collection":[{"href":"https:\/\/instant-fogas.com\/hu\/wp-json\/wp\/v2\/pages"}],"about":[{"href":"https:\/\/instant-fogas.com\/hu\/wp-json\/wp\/v2\/types\/page"}],"author":[{"embeddable":true,"href":"https:\/\/instant-fogas.com\/hu\/wp-json\/wp\/v2\/users\/1"}],"replies":[{"embeddable":true,"href":"https:\/\/instant-fogas.com\/hu\/wp-json\/wp\/v2\/comments?post=26369"}],"version-history":[{"count":2,"href":"https:\/\/instant-fogas.com\/hu\/wp-json\/wp\/v2\/pages\/26369\/revisions"}],"predecessor-version":[{"id":101686,"href":"https:\/\/instant-fogas.com\/hu\/wp-json\/wp\/v2\/pages\/26369\/revisions\/101686"}],"wp:attachment":[{"href":"https:\/\/instant-fogas.com\/hu\/wp-json\/wp\/v2\/media?parent=26369"}],"curies":[{"name":"wp","href":"https:\/\/api.w.org\/{rel}","templated":true}]}}