{"id":25364,"date":"2019-11-26T07:53:33","date_gmt":"2019-11-26T06:53:33","guid":{"rendered":"https:\/\/instant-fogas-devel.d250.hu\/?page_id=25364"},"modified":"2023-02-07T17:26:12","modified_gmt":"2023-02-07T16:26:12","slug":"virtualis-seta","status":"publish","type":"page","link":"https:\/\/instant-fogas.com\/hu\/virtualis-seta\/","title":{"rendered":"Virtu\u00e1lis s\u00e9ta"},"content":{"rendered":"<div class=\"wpb-content-wrapper\"><p>[vc_row][vc_column][vc_empty_space height=&#8221;4vh&#8221;][vc_column_text]<\/p>\n<h1 style=\"padding-bottom: 0px; margin-bottom: 0px; text-align: center;\">INSTANT\u2013FOGAS virtu\u00e1lis s\u00e9ta<\/h1>\n<h2 style=\"font-size: calc(25px + 0.6vw); color: #dc2751; line-height: calc(25px + 0.8vw); padding-top: 0px; margin-top: 15px; text-align: center;\">N\u00e9zz k\u00f6rbe n\u00e1lunk 3D-ben!<\/h2>\n<p>[\/vc_column_text][vc_empty_space height=&#8221;4vh&#8221;][\/vc_column][\/vc_row][vc_row full_width=&#8221;stretch_row_content_no_spaces&#8221; css=&#8221;.vc_custom_1575089278444{margin-top: 0px !important;margin-right: 0px !important;margin-bottom: 0px !important;margin-left: 0px !important;padding-top: 0px !important;padding-right: 0px !important;padding-bottom: 0px !important;padding-left: 0px !important;background-color: #031322 !important;}&#8221; el_class=&#8221;w360&#8243;][vc_column css=&#8221;.vc_custom_1574753710981{margin-top: 0px !important;margin-right: 0px !important;margin-bottom: 0px !important;margin-left: 0px !important;padding-top: 0px !important;padding-right: 0px !important;padding-bottom: 0px !important;padding-left: 0px !important;}&#8221;][vc_column_text css=&#8221;.vc_custom_1675787169368{margin-top: 0px !important;margin-right: 0px !important;margin-bottom: 0px !important;margin-left: 0px !important;padding-top: 0px !important;padding-right: 0px !important;padding-bottom: 0px !important;padding-left: 0px !important;}&#8221;]<\/p>\n<div class=\"iframe-container\"><iframe src=\"https:\/\/my.matterport.com\/show\/?m=Daz3KrEHqdH\" width=\"1920\" height=\"1080\" frameborder=\"0\" allowfullscreen=\"allowfullscreen\"><span style=\"display: inline-block; width: 0px; overflow: hidden; line-height: 0;\" data-mce-type=\"bookmark\" class=\"mce_SELRES_start\">\ufeff<\/span><\/iframe><\/div>\n<p>[\/vc_column_text][\/vc_column][\/vc_row]<\/p>\n<\/div>","protected":false},"excerpt":{"rendered":"<p>[vc_row][vc_column][vc_empty_space height=&#8221;4vh&#8221;][vc_column_text] INSTANT\u2013FOGAS virtu\u00e1lis s\u00e9ta&#8230;<\/p>\n","protected":false},"author":1,"featured_media":0,"parent":0,"menu_order":0,"comment_status":"closed","ping_status":"closed","template":"","meta":{"inline_featured_image":false,"footnotes":""},"class_list":["post-25364","page","type-page","status-publish"],"yoast_head":"<!-- This site is optimized with the Yoast SEO plugin v27.3 - https:\/\/yoast.com\/product\/yoast-seo-wordpress\/ -->\n<title>Instant-Fogas virtu\u00e1lis s\u00e9ta - N\u00e9zz k\u00f6rbe n\u00e1lunk 3d-ben<\/title>\n<meta name=\"description\" content=\"Budapest legnagyobb party komplexuma minden nap hajnalig tart\u00f3 bulival v\u00e1r. N\u00e9zz k\u00f6rbe oldalunkon virtu\u00e1lis 3D-ben!\" \/>\n<meta name=\"robots\" content=\"index, follow, max-snippet:-1, max-image-preview:large, max-video-preview:-1\" \/>\n<link rel=\"canonical\" href=\"https:\/\/instant-fogas.com\/hu\/virtualis-seta\/\" \/>\n<meta property=\"og:locale\" content=\"hu_HU\" \/>\n<meta property=\"og:type\" content=\"article\" \/>\n<meta property=\"og:title\" content=\"Instant-Fogas virtu\u00e1lis s\u00e9ta - N\u00e9zz k\u00f6rbe n\u00e1lunk 3d-ben\" \/>\n<meta property=\"og:description\" content=\"Budapest legnagyobb party komplexuma minden nap hajnalig tart\u00f3 bulival v\u00e1r. N\u00e9zz k\u00f6rbe oldalunkon virtu\u00e1lis 3D-ben!\" \/>\n<meta property=\"og:url\" content=\"https:\/\/instant-fogas.com\/hu\/virtualis-seta\/\" \/>\n<meta property=\"og:site_name\" content=\"Instant-Fogas komplexum\" \/>\n<meta property=\"article:modified_time\" content=\"2023-02-07T16:26:12+00:00\" \/>\n<meta property=\"og:image\" content=\"https:\/\/instant-fogas.com\/wp-content\/uploads\/2019\/12\/Instant_1920x1005_2-1024x536.png\" \/>\n\t<meta property=\"og:image:width\" content=\"1024\" \/>\n\t<meta property=\"og:image:height\" content=\"536\" \/>\n\t<meta property=\"og:image:type\" content=\"image\/png\" \/>\n<meta name=\"twitter:card\" content=\"summary_large_image\" \/>\n<meta name=\"twitter:label1\" content=\"Becs\u00fclt olvas\u00e1si id\u0151\" \/>\n\t<meta name=\"twitter:data1\" content=\"1 perc\" \/>\n<script type=\"application\/ld+json\" class=\"yoast-schema-graph\">{\"@context\":\"https:\\\/\\\/schema.org\",\"@graph\":[{\"@type\":\"WebPage\",\"@id\":\"https:\\\/\\\/instant-fogas.com\\\/hu\\\/virtualis-seta\\\/\",\"url\":\"https:\\\/\\\/instant-fogas.com\\\/hu\\\/virtualis-seta\\\/\",\"name\":\"Instant-Fogas virtu\u00e1lis s\u00e9ta - N\u00e9zz k\u00f6rbe n\u00e1lunk 3d-ben\",\"isPartOf\":{\"@id\":\"https:\\\/\\\/instant-fogas.com\\\/hu\\\/#website\"},\"datePublished\":\"2019-11-26T06:53:33+00:00\",\"dateModified\":\"2023-02-07T16:26:12+00:00\",\"description\":\"Budapest legnagyobb party komplexuma minden nap hajnalig tart\u00f3 bulival v\u00e1r. N\u00e9zz k\u00f6rbe oldalunkon virtu\u00e1lis 3D-ben!\",\"breadcrumb\":{\"@id\":\"https:\\\/\\\/instant-fogas.com\\\/hu\\\/virtualis-seta\\\/#breadcrumb\"},\"inLanguage\":\"hu\",\"potentialAction\":[{\"@type\":\"ReadAction\",\"target\":[\"https:\\\/\\\/instant-fogas.com\\\/hu\\\/virtualis-seta\\\/\"]}]},{\"@type\":\"BreadcrumbList\",\"@id\":\"https:\\\/\\\/instant-fogas.com\\\/hu\\\/virtualis-seta\\\/#breadcrumb\",\"itemListElement\":[{\"@type\":\"ListItem\",\"position\":1,\"name\":\"Kezd\u0151lap\",\"item\":\"https:\\\/\\\/instant-fogas.com\\\/hu\\\/\"},{\"@type\":\"ListItem\",\"position\":2,\"name\":\"Virtu\u00e1lis s\u00e9ta\"}]},{\"@type\":\"WebSite\",\"@id\":\"https:\\\/\\\/instant-fogas.com\\\/hu\\\/#website\",\"url\":\"https:\\\/\\\/instant-fogas.com\\\/hu\\\/\",\"name\":\"Instant-Fogas komplexum\",\"description\":\"Instant-Fogas komplexum\",\"publisher\":{\"@id\":\"https:\\\/\\\/instant-fogas.com\\\/hu\\\/#organization\"},\"potentialAction\":[{\"@type\":\"SearchAction\",\"target\":{\"@type\":\"EntryPoint\",\"urlTemplate\":\"https:\\\/\\\/instant-fogas.com\\\/hu\\\/?s={search_term_string}\"},\"query-input\":{\"@type\":\"PropertyValueSpecification\",\"valueRequired\":true,\"valueName\":\"search_term_string\"}}],\"inLanguage\":\"hu\"},{\"@type\":\"Organization\",\"@id\":\"https:\\\/\\\/instant-fogas.com\\\/hu\\\/#organization\",\"name\":\"Instant-Fogas complex\",\"url\":\"https:\\\/\\\/instant-fogas.com\\\/hu\\\/\",\"logo\":{\"@type\":\"ImageObject\",\"inLanguage\":\"hu\",\"@id\":\"https:\\\/\\\/instant-fogas.com\\\/hu\\\/#\\\/schema\\\/logo\\\/image\\\/\",\"url\":\"https:\\\/\\\/instant-fogas.com\\\/wp-content\\\/uploads\\\/2019\\\/11\\\/Instant_logo_kek-1.svg\",\"contentUrl\":\"https:\\\/\\\/instant-fogas.com\\\/wp-content\\\/uploads\\\/2019\\\/11\\\/Instant_logo_kek-1.svg\",\"width\":166,\"height\":166,\"caption\":\"Instant-Fogas complex\"},\"image\":{\"@id\":\"https:\\\/\\\/instant-fogas.com\\\/hu\\\/#\\\/schema\\\/logo\\\/image\\\/\"}}]}<\/script>\n<!-- \/ Yoast SEO plugin. -->","yoast_head_json":{"title":"Instant-Fogas virtu\u00e1lis s\u00e9ta - N\u00e9zz k\u00f6rbe n\u00e1lunk 3d-ben","description":"Budapest legnagyobb party komplexuma minden nap hajnalig tart\u00f3 bulival v\u00e1r. N\u00e9zz k\u00f6rbe oldalunkon virtu\u00e1lis 3D-ben!","robots":{"index":"index","follow":"follow","max-snippet":"max-snippet:-1","max-image-preview":"max-image-preview:large","max-video-preview":"max-video-preview:-1"},"canonical":"https:\/\/instant-fogas.com\/hu\/virtualis-seta\/","og_locale":"hu_HU","og_type":"article","og_title":"Instant-Fogas virtu\u00e1lis s\u00e9ta - N\u00e9zz k\u00f6rbe n\u00e1lunk 3d-ben","og_description":"Budapest legnagyobb party komplexuma minden nap hajnalig tart\u00f3 bulival v\u00e1r. N\u00e9zz k\u00f6rbe oldalunkon virtu\u00e1lis 3D-ben!","og_url":"https:\/\/instant-fogas.com\/hu\/virtualis-seta\/","og_site_name":"Instant-Fogas komplexum","article_modified_time":"2023-02-07T16:26:12+00:00","og_image":[{"width":1024,"height":536,"url":"https:\/\/instant-fogas.com\/wp-content\/uploads\/2019\/12\/Instant_1920x1005_2-1024x536.png","type":"image\/png"}],"twitter_card":"summary_large_image","twitter_misc":{"Becs\u00fclt olvas\u00e1si id\u0151":"1 perc"},"schema":{"@context":"https:\/\/schema.org","@graph":[{"@type":"WebPage","@id":"https:\/\/instant-fogas.com\/hu\/virtualis-seta\/","url":"https:\/\/instant-fogas.com\/hu\/virtualis-seta\/","name":"Instant-Fogas virtu\u00e1lis s\u00e9ta - N\u00e9zz k\u00f6rbe n\u00e1lunk 3d-ben","isPartOf":{"@id":"https:\/\/instant-fogas.com\/hu\/#website"},"datePublished":"2019-11-26T06:53:33+00:00","dateModified":"2023-02-07T16:26:12+00:00","description":"Budapest legnagyobb party komplexuma minden nap hajnalig tart\u00f3 bulival v\u00e1r. N\u00e9zz k\u00f6rbe oldalunkon virtu\u00e1lis 3D-ben!","breadcrumb":{"@id":"https:\/\/instant-fogas.com\/hu\/virtualis-seta\/#breadcrumb"},"inLanguage":"hu","potentialAction":[{"@type":"ReadAction","target":["https:\/\/instant-fogas.com\/hu\/virtualis-seta\/"]}]},{"@type":"BreadcrumbList","@id":"https:\/\/instant-fogas.com\/hu\/virtualis-seta\/#breadcrumb","itemListElement":[{"@type":"ListItem","position":1,"name":"Kezd\u0151lap","item":"https:\/\/instant-fogas.com\/hu\/"},{"@type":"ListItem","position":2,"name":"Virtu\u00e1lis s\u00e9ta"}]},{"@type":"WebSite","@id":"https:\/\/instant-fogas.com\/hu\/#website","url":"https:\/\/instant-fogas.com\/hu\/","name":"Instant-Fogas komplexum","description":"Instant-Fogas komplexum","publisher":{"@id":"https:\/\/instant-fogas.com\/hu\/#organization"},"potentialAction":[{"@type":"SearchAction","target":{"@type":"EntryPoint","urlTemplate":"https:\/\/instant-fogas.com\/hu\/?s={search_term_string}"},"query-input":{"@type":"PropertyValueSpecification","valueRequired":true,"valueName":"search_term_string"}}],"inLanguage":"hu"},{"@type":"Organization","@id":"https:\/\/instant-fogas.com\/hu\/#organization","name":"Instant-Fogas complex","url":"https:\/\/instant-fogas.com\/hu\/","logo":{"@type":"ImageObject","inLanguage":"hu","@id":"https:\/\/instant-fogas.com\/hu\/#\/schema\/logo\/image\/","url":"https:\/\/instant-fogas.com\/wp-content\/uploads\/2019\/11\/Instant_logo_kek-1.svg","contentUrl":"https:\/\/instant-fogas.com\/wp-content\/uploads\/2019\/11\/Instant_logo_kek-1.svg","width":166,"height":166,"caption":"Instant-Fogas complex"},"image":{"@id":"https:\/\/instant-fogas.com\/hu\/#\/schema\/logo\/image\/"}}]}},"_links":{"self":[{"href":"https:\/\/instant-fogas.com\/hu\/wp-json\/wp\/v2\/pages\/25364","targetHints":{"allow":["GET"]}}],"collection":[{"href":"https:\/\/instant-fogas.com\/hu\/wp-json\/wp\/v2\/pages"}],"about":[{"href":"https:\/\/instant-fogas.com\/hu\/wp-json\/wp\/v2\/types\/page"}],"author":[{"embeddable":true,"href":"https:\/\/instant-fogas.com\/hu\/wp-json\/wp\/v2\/users\/1"}],"replies":[{"embeddable":true,"href":"https:\/\/instant-fogas.com\/hu\/wp-json\/wp\/v2\/comments?post=25364"}],"version-history":[{"count":1,"href":"https:\/\/instant-fogas.com\/hu\/wp-json\/wp\/v2\/pages\/25364\/revisions"}],"predecessor-version":[{"id":71635,"href":"https:\/\/instant-fogas.com\/hu\/wp-json\/wp\/v2\/pages\/25364\/revisions\/71635"}],"wp:attachment":[{"href":"https:\/\/instant-fogas.com\/hu\/wp-json\/wp\/v2\/media?parent=25364"}],"curies":[{"name":"wp","href":"https:\/\/api.w.org\/{rel}","templated":true}]}}