{"id":25345,"date":"2019-11-26T07:24:09","date_gmt":"2019-11-26T06:24:09","guid":{"rendered":"https:\/\/instant-fogas-devel.d250.hu\/?page_id=25345"},"modified":"2019-12-06T03:44:21","modified_gmt":"2019-12-06T02:44:21","slug":"hirlevel-feliratkozas","status":"publish","type":"page","link":"https:\/\/instant-fogas.com\/hu\/hirlevel-feliratkozas\/","title":{"rendered":"H\u00edrlev\u00e9l feliratkoz\u00e1s"},"content":{"rendered":"<div class=\"wpb-content-wrapper\"><p>[vc_row full_width=&#8221;stretch_row&#8221; content_placement=&#8221;middle&#8221; css=&#8221;.vc_custom_1575156241325{margin-bottom: 0px !important;background-image: url(https:\/\/instant-fogas.com\/wp-content\/uploads\/2019\/11\/slide_2s.jpg?id=24788) !important;background-position: center !important;background-repeat: no-repeat !important;background-size: cover !important;}&#8221;][vc_column css=&#8221;.vc_custom_1575152948002{margin-top: 0px !important;margin-bottom: 0px !important;padding-top: 6vh !important;padding-bottom: 6vh !important;}&#8221;][vc_row_inner][vc_column_inner width=&#8221;1\/12&#8243;][\/vc_column_inner][vc_column_inner offset=&#8221;vc_col-lg-10 vc_col-md-10 vc_col-xs-12&#8243; css=&#8221;.vc_custom_1575156522436{border-top-width: 1px !important;border-right-width: 1px !important;border-left-width: 1px !important;padding-bottom: 40px !important;background-color: rgba(40,49,82,0.8) !important;*background-color: rgb(40,49,82) !important;border-left-color: rgba(40,49,82,0.8) !important;border-left-style: solid !important;border-right-color: rgba(40,49,82,0.8) !important;border-right-style: solid !important;border-top-color: rgba(40,49,82,0.8) !important;border-top-style: solid !important;border-radius: 20px !important;}&#8221;][vc_column_text css=&#8221;.vc_custom_1575156448583{padding-top: 30px !important;padding-bottom: 15px !important;}&#8221;]<\/p>\n<h1 style=\"text-align: center; padding-top: 0; margin-top: 0; padding-bottom: 25px !important; margin-bottom: 0px !important;\"><span style=\"text-transform: uppercase; letter-spacing: 0px; font-family: Righteous; color: #ffffff;\">Iratkozz fel h\u00edrlevel\u00fcnkre!<\/span><\/h1>\n<p style=\"text-align: center;\"><span style=\"color: #0bc3f8;\"><span style=\"font-size: 20px; padding-top: 25px; padding-bottom: 25px;\"><strong>\u00c9rtes\u00fclj els\u0151 k\u00e9<\/strong><strong>zb\u0151l az INSTANT &#8211; FOGAS legjobb bulijair\u00f3l, koncertjeir\u0151l \u00e9s kedvezm\u00e9nyeir\u0151l! <\/strong><\/span><\/span><\/p>\n<p style=\"text-align: center;\"><span style=\"color: #0bc3f8;\"><span style=\"font-size: 16px; padding-top: 25px; padding-bottom: 25px;\">Esem\u00e9nyaj\u00e1nl\u00f3k, cikkek \u00e9s interj\u00fak, early bird kedvezm\u00e9nyek<\/span><\/span><\/p>\n<p>[\/vc_column_text][vc_column_text css=&#8221;.vc_custom_1575155963726{border-top-width: 1px !important;border-right-width: 1px !important;border-bottom-width: 1px !important;border-left-width: 1px !important;padding-top: 15px !important;padding-right: 15px !important;padding-bottom: 15px !important;padding-left: 15px !important;border-left-color: #dc2751 !important;border-left-style: solid !important;border-right-color: #dc2751 !important;border-right-style: solid !important;border-top-color: #dc2751 !important;border-top-style: solid !important;border-bottom-color: #dc2751 !important;border-bottom-style: solid !important;border-radius: 20px !important;}&#8221; el_class=&#8221;ninjahirlevelform&#8221;]<\/p>\n<p style=\"text-align: center;\"><noscript class=\"ninja-forms-noscript-message\">\n\tNotice: JavaScript is required for this content.<\/noscript>\n<style>\n\n        \/* PLUGIN WIDE STYLES *\/\n    \n        html body .pika-title {\n                                    color:#ffffff;\n                    }\n    <\/style><style>\n\n        \/* FIELDS STYLES *\/\n    \n        .nf-form-content .nf-field-container #nf-field-127-wrap {\n                                            margin-bottom:25px;                    }\n        .nf-form-content .nf-field-container #nf-field-127-wrap .nf-field-label label {\n                                    color:#ffffff;\n                                            font-size:16px;\n                    }\n        .nf-form-content .nf-field-container #nf-field-127-wrap .nf-field-element .ninja-forms-field {\n                                    border-width:1px;\n                                            border-style:solid;\n                                            border-color:#ffffff;\n                                            color:#283152;\n                                            font-size:16px;\n                                                    border-radius:20px;                    }\n        .nf-form-content .nf-field-container #nf-field-128-wrap {\n                                            margin-bottom:25px;                    }\n        .nf-form-content .nf-field-container #nf-field-128-wrap .nf-field-label label {\n                                    color:#ffffff;\n                                            font-size:16px;\n                    }\n        .nf-form-content .nf-field-container #nf-field-128-wrap .nf-field-element .ninja-forms-field {\n                                    border-width:1px;\n                                            border-style:solid;\n                                            border-color:#ffffff;\n                                            color:#283152;\n                                            font-size:16px;\n                                                    border-radius:20px;                    }\n        .nf-form-content .nf-field-container #nf-field-71-wrap {\n                                            margin-bottom:25px;                    }\n        .nf-form-content .nf-field-container #nf-field-71-wrap .nf-field-label label {\n                                    color:#ffffff;\n                                            font-size:16px;\n                    }\n        .nf-form-content .nf-field-container #nf-field-43-wrap {\n                                            text-align:center;\n                    }\n        .nf-form-content .nf-field-container #nf-field-43-wrap .nf-field-element .ninja-forms-field {\n                                    background-color:#dc2751;\n                                                    border-radius:20px;\npadding-right: 50px;\npadding-left: 50px;                    }\n        .nf-form-content .nf-field-container #nf-field-43-wrap .nf-field-element .ninja-forms-field:hover {\n                                    background-color:#dc2751;\n                                            color:#ffffff;\n                                            font-size:16px;\n                                            display:inline;\n                                                    border-radius:20px;\npadding-right: 50px;\npadding-left:50px;                    }\n    <\/style><div id=\"nf-form-4-cont\" class=\"nf-form-cont\" aria-live=\"polite\" aria-labelledby=\"nf-form-title-4\" aria-describedby=\"nf-form-errors-4\" role=\"form\">\n\n    <div class=\"nf-loading-spinner\"><\/div>\n\n<\/div>\n        <!-- That data is being printed as a workaround to page builders reordering the order of the scripts loaded-->\n        <script>var formDisplay=1;var nfForms=nfForms||[];var form=[];form.id='4';form.settings={\"title\":\"Instant-Fogas H\\u00edrlev\\u00e9l\",\"created_at\":\"2025-12-11 11:59:03\",\"form_title\":\"Instant-Fogas H\\u00edrlev\\u00e9l\",\"default_label_pos\":\"above\",\"show_title\":\"0\",\"clear_complete\":\"0\",\"hide_complete\":\"0\",\"logged_in\":\"0\",\"seq_num\":\"17\",\"key\":\"\",\"objectType\":\"Form Setting\",\"editActive\":\"1\",\"wrapper_class\":\"\",\"element_class\":\"\",\"add_submit\":\"0\",\"not_logged_in_msg\":\"\",\"sub_limit_number\":\"\",\"sub_limit_msg\":\"\",\"calculations\":[],\"formContentData\":[{\"order\":1,\"cells\":[{\"order\":0,\"fields\":[\"nev_1575154935268\"],\"width\":\"100\"}]},{\"order\":2,\"cells\":[{\"order\":0,\"fields\":[\"e-mail_1575154939181\"],\"width\":\"100\"}]},{\"order\":4,\"cells\":[{\"order\":0,\"fields\":[\"elfogadom_az_less_than_a_href_hu_adatvedelmi-tajekoztato_greater_than_adatvedelmi_tajekoztatoban_less_than_a_greater_than_foglaltakat_1575940622016\"],\"width\":\"100\"}]},{\"order\":5,\"cells\":[{\"order\":0,\"fields\":[\"feliratkozom_1575152631301\"],\"width\":\"100\"}]}],\"currency\":\"\",\"unique_field_error\":\"A form with this value has already been submitted.\",\"container_styles_show_advanced_css\":\"0\",\"title_styles_show_advanced_css\":\"0\",\"row_styles_show_advanced_css\":\"0\",\"row-odd_styles_show_advanced_css\":\"0\",\"success-msg_styles_show_advanced_css\":\"0\",\"error_msg_styles_show_advanced_css\":\"0\",\"changeEmailErrorMsg\":\"Please enter a valid email address!\",\"changeDateErrorMsg\":\"Please enter a valid date!\",\"confirmFieldErrorMsg\":\"These fields must match!\",\"fieldNumberNumMinError\":\"Number Min Error\",\"fieldNumberNumMaxError\":\"Number Max Error\",\"fieldNumberIncrementBy\":\"Please increment by \",\"formErrorsCorrectErrors\":\"Please correct errors before submitting this form.\",\"validateRequiredField\":\"This is a required field.\",\"honeypotHoneypotError\":\"Honeypot Error\",\"fieldsMarkedRequired\":\" \",\"drawerDisabled\":\"\",\"allow_public_link\":\"0\",\"embed_form\":\"\",\"container_styles_border\":\"\",\"container_styles_height\":\"\",\"container_styles_margin\":\"\",\"container_styles_padding\":\"\",\"container_styles_float\":\"\",\"title_styles_border\":\"\",\"title_styles_height\":\"\",\"title_styles_width\":\"\",\"title_styles_font-size\":\"\",\"title_styles_margin\":\"\",\"title_styles_padding\":\"\",\"title_styles_float\":\"\",\"row_styles_border\":\"\",\"row_styles_width\":\"\",\"row_styles_font-size\":\"\",\"row_styles_margin\":\"\",\"row_styles_padding\":\"\",\"row-odd_styles_border\":\"\",\"row-odd_styles_height\":\"\",\"row-odd_styles_width\":\"\",\"row-odd_styles_font-size\":\"\",\"row-odd_styles_margin\":\"\",\"row-odd_styles_padding\":\"\",\"success-msg_styles_border\":\"\",\"success-msg_styles_height\":\"\",\"success-msg_styles_width\":\"\",\"success-msg_styles_font-size\":\"\",\"success-msg_styles_margin\":\"\",\"success-msg_styles_padding\":\"\",\"error_msg_styles_border\":\"\",\"error_msg_styles_width\":\"\",\"error_msg_styles_font-size\":\"\",\"error_msg_styles_margin\":\"\",\"error_msg_styles_padding\":\"\",\"_seq_num\":\"17\",\"repeatable_fieldsets\":\"\",\"ninjaForms\":\"Ninja Forms\",\"fieldTextareaRTEInsertLink\":\"Insert Link\",\"fieldTextareaRTEInsertMedia\":\"Insert Media\",\"fieldTextareaRTESelectAFile\":\"Select a file\",\"formHoneypot\":\"If you are a human seeing this field, please leave it empty.\",\"fileUploadOldCodeFileUploadInProgress\":\"File Upload in Progress.\",\"fileUploadOldCodeFileUpload\":\"FILE UPLOAD\",\"currencySymbol\":\"&#36;\",\"thousands_sep\":\"&nbsp;\",\"decimal_point\":\",\",\"siteLocale\":\"hu_HU\",\"dateFormat\":\"DD\\\/MM\\\/YYYY\",\"startOfWeek\":\"1\",\"of\":\"of\",\"previousMonth\":\"Previous Month\",\"nextMonth\":\"Next Month\",\"months\":[\"January\",\"February\",\"March\",\"April\",\"May\",\"June\",\"July\",\"August\",\"September\",\"October\",\"November\",\"December\"],\"monthsShort\":[\"Jan\",\"Feb\",\"Mar\",\"Apr\",\"May\",\"Jun\",\"Jul\",\"Aug\",\"Sep\",\"Oct\",\"Nov\",\"Dec\"],\"weekdays\":[\"Sunday\",\"Monday\",\"Tuesday\",\"Wednesday\",\"Thursday\",\"Friday\",\"Saturday\"],\"weekdaysShort\":[\"Sun\",\"Mon\",\"Tue\",\"Wed\",\"Thu\",\"Fri\",\"Sat\"],\"weekdaysMin\":[\"Su\",\"Mo\",\"Tu\",\"We\",\"Th\",\"Fr\",\"Sa\"],\"recaptchaConsentMissing\":\"reCaptcha validation couldn&#039;t load.\",\"recaptchaMissingCookie\":\"reCaptcha v3 validation couldn&#039;t load the cookie needed to submit the form.\",\"recaptchaConsentEvent\":\"Accept reCaptcha cookies before sending the form.\",\"currency_symbol\":\"\",\"beforeForm\":\"\",\"beforeFields\":\"\",\"afterFields\":\"\",\"afterForm\":\"\"};form.fields=[{\"editActive\":\"\",\"order\":1,\"label\":\"N\\u00e9v\",\"type\":\"firstname\",\"key\":\"nev_1575154935268\",\"label_pos\":\"above\",\"required\":1,\"default\":\"\",\"placeholder\":\"\",\"container_class\":\"\",\"element_class\":\"\",\"admin_label\":\"\",\"help_text\":\"\",\"custom_name_attribute\":\"fname\",\"personally_identifiable\":1,\"wrap_styles_border\":\"\",\"wrap_styles_width\":\"\",\"wrap_styles_margin\":\"\",\"wrap_styles_padding\":\"\",\"wrap_styles_float\":\"\",\"wrap_styles_show_advanced_css\":1,\"label_styles_border\":\"\",\"label_styles_color\":\"#ffffff\",\"label_styles_width\":\"\",\"label_styles_font-size\":\"16px\",\"label_styles_margin\":\"\",\"label_styles_padding\":\"\",\"label_styles_float\":\"\",\"label_styles_show_advanced_css\":0,\"element_styles_border\":\"1px\",\"element_styles_width\":\"\",\"element_styles_font-size\":\"16px\",\"element_styles_margin\":\"\",\"element_styles_padding\":\"\",\"element_styles_float\":\"\",\"element_styles_show_advanced_css\":1,\"cellcid\":\"c3590\",\"value\":\"\",\"drawerDisabled\":\"\",\"wrap_styles_advanced\":\"margin-bottom:25px;\",\"element_styles_border-style\":\"solid\",\"element_styles_border-color\":\"#ffffff\",\"element_styles_color\":\"#283152\",\"element_styles_advanced\":\"border-radius:20px;\",\"idAttribute\":\"id\",\"field_label\":\"N\\u00e9v\",\"field_key\":\"nev_1575154935268\",\"id\":127,\"beforeField\":\"\",\"afterField\":\"\",\"parentType\":\"firstname\",\"element_templates\":[\"firstname\",\"input\"],\"old_classname\":\"\",\"wrap_template\":\"wrap\"},{\"editActive\":\"\",\"order\":2,\"label\":\"E-mail\",\"type\":\"email\",\"key\":\"e-mail_1575154939181\",\"label_pos\":\"above\",\"required\":1,\"default\":\"\",\"placeholder\":\"\",\"container_class\":\"\",\"element_class\":\"\",\"admin_label\":\"\",\"help_text\":\"\",\"custom_name_attribute\":\"email\",\"personally_identifiable\":1,\"wrap_styles_border\":\"\",\"wrap_styles_width\":\"\",\"wrap_styles_margin\":\"\",\"wrap_styles_padding\":\"\",\"wrap_styles_float\":\"\",\"wrap_styles_show_advanced_css\":1,\"label_styles_border\":\"\",\"label_styles_color\":\"#ffffff\",\"label_styles_width\":\"\",\"label_styles_font-size\":\"16px\",\"label_styles_margin\":\"\",\"label_styles_padding\":\"\",\"label_styles_float\":\"\",\"label_styles_show_advanced_css\":0,\"element_styles_border\":\"1px\",\"element_styles_width\":\"\",\"element_styles_font-size\":\"16px\",\"element_styles_margin\":\"\",\"element_styles_padding\":\"\",\"element_styles_float\":\"\",\"element_styles_show_advanced_css\":1,\"cellcid\":\"c3594\",\"value\":\"\",\"wrap_styles_advanced\":\"margin-bottom:25px;\",\"element_styles_border-style\":\"solid\",\"element_styles_border-color\":\"#ffffff\",\"drawerDisabled\":\"\",\"element_styles_color\":\"#283152\",\"element_styles_advanced\":\"border-radius:20px;\",\"idAttribute\":\"id\",\"field_label\":\"E-mail\",\"field_key\":\"e-mail_1575154939181\",\"id\":128,\"beforeField\":\"\",\"afterField\":\"\",\"parentType\":\"email\",\"element_templates\":[\"email\",\"input\"],\"old_classname\":\"\",\"wrap_template\":\"wrap\"},{\"editActive\":\"\",\"order\":4,\"label\":\"Elfogadom az <a href=\\\"\\\/hu\\\/adatvedelmi-tajekoztato\\\/\\\">adatv\\u00e9delmi t\\u00e1j\\u00e9koztat\\u00f3ban <\\\/a> foglaltakat.\",\"type\":\"mc4wp_optin\",\"key\":\"elfogadom_az_less_than_a_href_hu_adatvedelmi-tajekoztato_greater_than_adatvedelmi_tajekoztatoban_less_than_a_greater_than_foglaltakat_1575940622016\",\"label_pos\":\"right\",\"required\":1,\"container_class\":\"\",\"element_class\":\"\",\"manual_key\":\"\",\"admin_label\":\"\",\"help_text\":\"\",\"default_value\":\"unchecked\",\"checked_calc_value\":\"\",\"unchecked_calc_value\":\"\",\"wrap_styles_border\":\"\",\"wrap_styles_width\":\"\",\"wrap_styles_margin\":\"\",\"wrap_styles_padding\":\"\",\"wrap_styles_float\":\"\",\"wrap_styles_show_advanced_css\":1,\"label_styles_border\":\"\",\"label_styles_width\":\"\",\"label_styles_font-size\":\"16px\",\"label_styles_margin\":\"\",\"label_styles_padding\":\"\",\"label_styles_float\":\"\",\"label_styles_show_advanced_css\":0,\"element_styles_border\":\"\",\"element_styles_width\":\"\",\"element_styles_font-size\":\"\",\"element_styles_margin\":\"\",\"element_styles_padding\":\"\",\"element_styles_float\":\"\",\"element_styles_show_advanced_css\":0,\"cellcid\":\"c3597\",\"drawerDisabled\":\"\",\"field_label\":\"Elfogadom az <a href=\\\"\\\/hu\\\/adatvedelmi-tajekoztato\\\/\\\">adatv\\u00e9delmi t\\u00e1j\\u00e9koztat\\u00f3ban <\\\/a> foglaltakat.\",\"field_key\":\"elfogadom_az_less_than_a_href_hu_adatvedelmi-tajekoztato_greater_than_adatvedelmi_tajekoztatoban_less_than_a_greater_than_foglaltakat_1575940622016\",\"label_styles_color\":\"#ffffff\",\"wrap_styles_advanced\":\"margin-bottom:25px;\",\"idAttribute\":\"id\",\"id\":71,\"beforeField\":\"\",\"afterField\":\"\",\"value\":\"\",\"parentType\":\"checkbox\",\"element_templates\":[\"checkbox\",\"input\"],\"old_classname\":\"\",\"wrap_template\":\"wrap\"},{\"label\":\"Feliratkozom\",\"key\":\"feliratkozom_1575152631301\",\"parent_id\":2,\"type\":\"submit\",\"created_at\":\"2016-08-28 16:16:05\",\"objectType\":\"Field\",\"objectDomain\":\"fields\",\"editActive\":\"\",\"order\":5,\"processing_label\":\"Folyamatban...\",\"container_class\":\"\",\"element_class\":\"\",\"field_label\":\"Feliratkozom\",\"field_key\":\"feliratkozom_1575152631301\",\"wrap_styles_background-color\":\"\",\"wrap_styles_border\":\"\",\"wrap_styles_width\":\"\",\"wrap_styles_margin\":\"\",\"wrap_styles_padding\":\"\",\"wrap_styles_float\":\"\",\"wrap_styles_show_advanced_css\":1,\"element_styles_border\":\"\",\"element_styles_width\":\"\",\"element_styles_font-size\":\"\",\"element_styles_margin\":\"\",\"element_styles_padding\":\"\",\"element_styles_float\":\"\",\"element_styles_show_advanced_css\":1,\"submit_element_hover_styles_border\":\"\",\"submit_element_hover_styles_width\":\"\",\"submit_element_hover_styles_font-size\":\"16px\",\"submit_element_hover_styles_margin\":\"\",\"submit_element_hover_styles_padding\":\"\",\"submit_element_hover_styles_float\":\"\",\"submit_element_hover_styles_show_advanced_css\":1,\"cellcid\":\"c3600\",\"drawerDisabled\":\"\",\"wrap_styles_advanced\":\"text-align:center;\\n\",\"element_styles_background-color\":\"#dc2751\",\"submit_element_hover_styles_background-color\":\"#dc2751\",\"submit_element_hover_styles_color\":\"#ffffff\",\"submit_element_hover_styles_display\":\"inline\",\"submit_element_hover_styles_advanced\":\"border-radius:20px;\\npadding-right: 50px;\\npadding-left:50px;\",\"element_styles_advanced\":\"border-radius:20px;\\npadding-right: 50px;\\npadding-left: 50px;\",\"idAttribute\":\"id\",\"id\":43,\"beforeField\":\"\",\"afterField\":\"\",\"value\":\"\",\"label_pos\":\"above\",\"parentType\":\"textbox\",\"element_templates\":[\"submit\",\"button\",\"input\"],\"old_classname\":\"\",\"wrap_template\":\"wrap-no-label\"}];nfForms.push(form);<\/script>\n                <script id=\"nf-tmpl-cell\" type=\"text\/template\">\n            <nf-fields><\/nf-fields>\n        <\/script>\n\n        <script id=\"nf-tmpl-row\" type=\"text\/template\">\n            <nf-cells><\/nf-cells>\n        <\/script>\n\n        <\/p>\n<p>[\/vc_column_text][vc_empty_space height=&#8221;40px&#8221;][\/vc_column_inner][vc_column_inner width=&#8221;1\/12&#8243;][\/vc_column_inner][\/vc_row_inner][\/vc_column][\/vc_row]<\/p>\n<\/div>","protected":false},"excerpt":{"rendered":"<p>[vc_row full_width=&#8221;stretch_row&#8221; content_placement=&#8221;middle&#8221; css=&#8221;.vc_custom_1575156241325{margin-bottom: 0px&#8230;<\/p>\n","protected":false},"author":1,"featured_media":0,"parent":0,"menu_order":0,"comment_status":"closed","ping_status":"closed","template":"","meta":{"inline_featured_image":false,"footnotes":""},"class_list":["post-25345","page","type-page","status-publish"],"yoast_head":"<!-- This site is optimized with the Yoast SEO plugin v27.3 - https:\/\/yoast.com\/product\/yoast-seo-wordpress\/ -->\n<title>H\u00edrlev\u00e9l feliratkoz\u00e1s - Instant-Fogas komplexum<\/title>\n<meta name=\"robots\" content=\"index, follow, max-snippet:-1, max-image-preview:large, max-video-preview:-1\" \/>\n<link rel=\"canonical\" href=\"https:\/\/instant-fogas.com\/hu\/hirlevel-feliratkozas\/\" \/>\n<meta property=\"og:locale\" content=\"hu_HU\" \/>\n<meta property=\"og:type\" content=\"article\" \/>\n<meta property=\"og:title\" content=\"H\u00edrlev\u00e9l feliratkoz\u00e1s - Instant-Fogas komplexum\" \/>\n<meta property=\"og:description\" content=\"[vc_row full_width=&#8221;stretch_row&#8221; content_placement=&#8221;middle&#8221; css=&#8221;.vc_custom_1575156241325{margin-bottom: 0px...\" \/>\n<meta property=\"og:url\" content=\"https:\/\/instant-fogas.com\/hu\/hirlevel-feliratkozas\/\" \/>\n<meta property=\"og:site_name\" content=\"Instant-Fogas komplexum\" \/>\n<meta property=\"article:modified_time\" content=\"2019-12-06T02:44:21+00:00\" \/>\n<meta name=\"twitter:card\" content=\"summary_large_image\" \/>\n<meta name=\"twitter:label1\" content=\"Becs\u00fclt olvas\u00e1si id\u0151\" \/>\n\t<meta name=\"twitter:data1\" content=\"1 perc\" \/>\n<script type=\"application\/ld+json\" class=\"yoast-schema-graph\">{\"@context\":\"https:\\\/\\\/schema.org\",\"@graph\":[{\"@type\":\"WebPage\",\"@id\":\"https:\\\/\\\/instant-fogas.com\\\/hu\\\/hirlevel-feliratkozas\\\/\",\"url\":\"https:\\\/\\\/instant-fogas.com\\\/hu\\\/hirlevel-feliratkozas\\\/\",\"name\":\"H\u00edrlev\u00e9l feliratkoz\u00e1s - Instant-Fogas komplexum\",\"isPartOf\":{\"@id\":\"https:\\\/\\\/instant-fogas.com\\\/hu\\\/#website\"},\"datePublished\":\"2019-11-26T06:24:09+00:00\",\"dateModified\":\"2019-12-06T02:44:21+00:00\",\"breadcrumb\":{\"@id\":\"https:\\\/\\\/instant-fogas.com\\\/hu\\\/hirlevel-feliratkozas\\\/#breadcrumb\"},\"inLanguage\":\"hu\",\"potentialAction\":[{\"@type\":\"ReadAction\",\"target\":[\"https:\\\/\\\/instant-fogas.com\\\/hu\\\/hirlevel-feliratkozas\\\/\"]}]},{\"@type\":\"BreadcrumbList\",\"@id\":\"https:\\\/\\\/instant-fogas.com\\\/hu\\\/hirlevel-feliratkozas\\\/#breadcrumb\",\"itemListElement\":[{\"@type\":\"ListItem\",\"position\":1,\"name\":\"Kezd\u0151lap\",\"item\":\"https:\\\/\\\/instant-fogas.com\\\/hu\\\/\"},{\"@type\":\"ListItem\",\"position\":2,\"name\":\"H\u00edrlev\u00e9l feliratkoz\u00e1s\"}]},{\"@type\":\"WebSite\",\"@id\":\"https:\\\/\\\/instant-fogas.com\\\/hu\\\/#website\",\"url\":\"https:\\\/\\\/instant-fogas.com\\\/hu\\\/\",\"name\":\"Instant-Fogas komplexum\",\"description\":\"Instant-Fogas komplexum\",\"publisher\":{\"@id\":\"https:\\\/\\\/instant-fogas.com\\\/hu\\\/#organization\"},\"potentialAction\":[{\"@type\":\"SearchAction\",\"target\":{\"@type\":\"EntryPoint\",\"urlTemplate\":\"https:\\\/\\\/instant-fogas.com\\\/hu\\\/?s={search_term_string}\"},\"query-input\":{\"@type\":\"PropertyValueSpecification\",\"valueRequired\":true,\"valueName\":\"search_term_string\"}}],\"inLanguage\":\"hu\"},{\"@type\":\"Organization\",\"@id\":\"https:\\\/\\\/instant-fogas.com\\\/hu\\\/#organization\",\"name\":\"Instant-Fogas complex\",\"url\":\"https:\\\/\\\/instant-fogas.com\\\/hu\\\/\",\"logo\":{\"@type\":\"ImageObject\",\"inLanguage\":\"hu\",\"@id\":\"https:\\\/\\\/instant-fogas.com\\\/hu\\\/#\\\/schema\\\/logo\\\/image\\\/\",\"url\":\"https:\\\/\\\/instant-fogas.com\\\/wp-content\\\/uploads\\\/2019\\\/11\\\/Instant_logo_kek-1.svg\",\"contentUrl\":\"https:\\\/\\\/instant-fogas.com\\\/wp-content\\\/uploads\\\/2019\\\/11\\\/Instant_logo_kek-1.svg\",\"width\":166,\"height\":166,\"caption\":\"Instant-Fogas complex\"},\"image\":{\"@id\":\"https:\\\/\\\/instant-fogas.com\\\/hu\\\/#\\\/schema\\\/logo\\\/image\\\/\"}}]}<\/script>\n<!-- \/ Yoast SEO plugin. -->","yoast_head_json":{"title":"H\u00edrlev\u00e9l feliratkoz\u00e1s - Instant-Fogas komplexum","robots":{"index":"index","follow":"follow","max-snippet":"max-snippet:-1","max-image-preview":"max-image-preview:large","max-video-preview":"max-video-preview:-1"},"canonical":"https:\/\/instant-fogas.com\/hu\/hirlevel-feliratkozas\/","og_locale":"hu_HU","og_type":"article","og_title":"H\u00edrlev\u00e9l feliratkoz\u00e1s - Instant-Fogas komplexum","og_description":"[vc_row full_width=&#8221;stretch_row&#8221; content_placement=&#8221;middle&#8221; css=&#8221;.vc_custom_1575156241325{margin-bottom: 0px...","og_url":"https:\/\/instant-fogas.com\/hu\/hirlevel-feliratkozas\/","og_site_name":"Instant-Fogas komplexum","article_modified_time":"2019-12-06T02:44:21+00:00","twitter_card":"summary_large_image","twitter_misc":{"Becs\u00fclt olvas\u00e1si id\u0151":"1 perc"},"schema":{"@context":"https:\/\/schema.org","@graph":[{"@type":"WebPage","@id":"https:\/\/instant-fogas.com\/hu\/hirlevel-feliratkozas\/","url":"https:\/\/instant-fogas.com\/hu\/hirlevel-feliratkozas\/","name":"H\u00edrlev\u00e9l feliratkoz\u00e1s - Instant-Fogas komplexum","isPartOf":{"@id":"https:\/\/instant-fogas.com\/hu\/#website"},"datePublished":"2019-11-26T06:24:09+00:00","dateModified":"2019-12-06T02:44:21+00:00","breadcrumb":{"@id":"https:\/\/instant-fogas.com\/hu\/hirlevel-feliratkozas\/#breadcrumb"},"inLanguage":"hu","potentialAction":[{"@type":"ReadAction","target":["https:\/\/instant-fogas.com\/hu\/hirlevel-feliratkozas\/"]}]},{"@type":"BreadcrumbList","@id":"https:\/\/instant-fogas.com\/hu\/hirlevel-feliratkozas\/#breadcrumb","itemListElement":[{"@type":"ListItem","position":1,"name":"Kezd\u0151lap","item":"https:\/\/instant-fogas.com\/hu\/"},{"@type":"ListItem","position":2,"name":"H\u00edrlev\u00e9l feliratkoz\u00e1s"}]},{"@type":"WebSite","@id":"https:\/\/instant-fogas.com\/hu\/#website","url":"https:\/\/instant-fogas.com\/hu\/","name":"Instant-Fogas komplexum","description":"Instant-Fogas komplexum","publisher":{"@id":"https:\/\/instant-fogas.com\/hu\/#organization"},"potentialAction":[{"@type":"SearchAction","target":{"@type":"EntryPoint","urlTemplate":"https:\/\/instant-fogas.com\/hu\/?s={search_term_string}"},"query-input":{"@type":"PropertyValueSpecification","valueRequired":true,"valueName":"search_term_string"}}],"inLanguage":"hu"},{"@type":"Organization","@id":"https:\/\/instant-fogas.com\/hu\/#organization","name":"Instant-Fogas complex","url":"https:\/\/instant-fogas.com\/hu\/","logo":{"@type":"ImageObject","inLanguage":"hu","@id":"https:\/\/instant-fogas.com\/hu\/#\/schema\/logo\/image\/","url":"https:\/\/instant-fogas.com\/wp-content\/uploads\/2019\/11\/Instant_logo_kek-1.svg","contentUrl":"https:\/\/instant-fogas.com\/wp-content\/uploads\/2019\/11\/Instant_logo_kek-1.svg","width":166,"height":166,"caption":"Instant-Fogas complex"},"image":{"@id":"https:\/\/instant-fogas.com\/hu\/#\/schema\/logo\/image\/"}}]}},"_links":{"self":[{"href":"https:\/\/instant-fogas.com\/hu\/wp-json\/wp\/v2\/pages\/25345","targetHints":{"allow":["GET"]}}],"collection":[{"href":"https:\/\/instant-fogas.com\/hu\/wp-json\/wp\/v2\/pages"}],"about":[{"href":"https:\/\/instant-fogas.com\/hu\/wp-json\/wp\/v2\/types\/page"}],"author":[{"embeddable":true,"href":"https:\/\/instant-fogas.com\/hu\/wp-json\/wp\/v2\/users\/1"}],"replies":[{"embeddable":true,"href":"https:\/\/instant-fogas.com\/hu\/wp-json\/wp\/v2\/comments?post=25345"}],"version-history":[{"count":0,"href":"https:\/\/instant-fogas.com\/hu\/wp-json\/wp\/v2\/pages\/25345\/revisions"}],"wp:attachment":[{"href":"https:\/\/instant-fogas.com\/hu\/wp-json\/wp\/v2\/media?parent=25345"}],"curies":[{"name":"wp","href":"https:\/\/api.w.org\/{rel}","templated":true}]}}