{"id":13835,"date":"2019-12-01T13:41:45","date_gmt":"2019-12-01T12:41:45","guid":{"rendered":"http:\/\/democontent.codex-themes.com\/thegem-events\/?page_id=13835"},"modified":"2019-12-17T00:59:09","modified_gmt":"2019-12-16T23:59:09","slug":"galeria","status":"publish","type":"page","link":"https:\/\/instant-fogas.com\/hu\/galeria\/","title":{"rendered":"Instant-Fogas gal\u00e9ria"},"content":{"rendered":"<div class=\"wpb-content-wrapper\"><p>[vc_row full_width=&#8221;stretch_row&#8221; css=&#8221;.vc_custom_1576037665907{margin-bottom: 0px !important;}&#8221; el_class=&#8221;galeriacimblock&#8221;][vc_column]<div class=\"clearboth\"><\/div><style>#thegem-divider-69e5ec865d9d5 {margin-top: 100px !important;}<\/style><div id=\"thegem-divider-69e5ec865d9d5\" class=\"gem-divider  \" style=\"\" ><\/div>[vc_column_text]<\/p>\n<h2 style=\"font-size: calc(20px + 0.7vw); color: #dc2751; line-height: calc(20px + 0.8vw); padding: 0px; margin: 0px; text-align: center;\"><span style=\"color: #ffffff;\">N\u00e9zegess k\u00e9peket a party komplexumr\u00f3l!<\/span><\/h2>\n<p>[\/vc_column_text]<div class=\"clearboth\"><\/div><style>#thegem-divider-69e5ec865da26 {margin-top: 100px !important;}<\/style><div id=\"thegem-divider-69e5ec865da26\" class=\"gem-divider  \" style=\"\" ><\/div>[\/vc_column][\/vc_row][vc_row][vc_column][vc_basic_grid post_type=&#8221;post&#8221; max_items=&#8221;200&#8243; item=&#8221;basicGrid_ScaleInWithRotation&#8221; grid_id=&#8221;vc_gid:1576037913358-276d713b-7963-0&#8243; taxonomies=&#8221;12&#8243;][\/vc_column][\/vc_row]<\/p>\n<\/div>","protected":false},"excerpt":{"rendered":"<p>[vc_row full_width=&#8221;stretch_row&#8221; css=&#8221;.vc_custom_1576037665907{margin-bottom: 0px !important;}&#8221;&#8230;<\/p>\n","protected":false},"author":1,"featured_media":0,"parent":0,"menu_order":0,"comment_status":"closed","ping_status":"closed","template":"","meta":{"inline_featured_image":false,"footnotes":""},"class_list":["post-13835","page","type-page","status-publish"],"yoast_head":"<!-- This site is optimized with the Yoast SEO plugin v27.3 - https:\/\/yoast.com\/product\/yoast-seo-wordpress\/ -->\n<title>Instant-Fogas gal\u00e9ria | K\u00e9pek a party komplexumr\u00f3l<\/title>\n<meta name=\"description\" content=\"Instant-Fogas k\u00e9pek minden t\u00e1nct\u00e9rr\u0151l \u00e9s bulir\u00f3l. N\u00e9zegess fot\u00f3kat Budapest legnagyobb klub komplexum\u00e1r\u00f3l!\" \/>\n<meta name=\"robots\" content=\"index, follow, max-snippet:-1, max-image-preview:large, max-video-preview:-1\" \/>\n<link rel=\"canonical\" href=\"https:\/\/instant-fogas.com\/hu\/galeria\/\" \/>\n<meta property=\"og:locale\" content=\"hu_HU\" \/>\n<meta property=\"og:type\" content=\"article\" \/>\n<meta property=\"og:title\" content=\"INSTANT-FOGAS komplexum: K\u00e9pek\" \/>\n<meta property=\"og:description\" content=\"Instant-Fogas k\u00e9pek minden t\u00e1nct\u00e9rr\u0151l \u00e9s bulir\u00f3l. N\u00e9zegess fot\u00f3kat Budapest legnagyobb klub komplexum\u00e1r\u00f3l!\" \/>\n<meta property=\"og:url\" content=\"https:\/\/instant-fogas.com\/hu\/galeria\/\" \/>\n<meta property=\"og:site_name\" content=\"Instant-Fogas komplexum\" \/>\n<meta property=\"article:modified_time\" content=\"2019-12-16T23:59:09+00:00\" \/>\n<meta property=\"og:image\" content=\"https:\/\/instant-fogas.com\/wp-content\/uploads\/2019\/12\/Instant_1920x1005_2-1024x536.png\" \/>\n\t<meta property=\"og:image:width\" content=\"1024\" \/>\n\t<meta property=\"og:image:height\" content=\"536\" \/>\n\t<meta property=\"og:image:type\" content=\"image\/png\" \/>\n<meta name=\"twitter:card\" content=\"summary_large_image\" \/>\n<script type=\"application\/ld+json\" class=\"yoast-schema-graph\">{\"@context\":\"https:\\\/\\\/schema.org\",\"@graph\":[{\"@type\":\"WebPage\",\"@id\":\"https:\\\/\\\/instant-fogas.com\\\/hu\\\/galeria\\\/\",\"url\":\"https:\\\/\\\/instant-fogas.com\\\/hu\\\/galeria\\\/\",\"name\":\"Instant-Fogas gal\u00e9ria | K\u00e9pek a party komplexumr\u00f3l\",\"isPartOf\":{\"@id\":\"https:\\\/\\\/instant-fogas.com\\\/hu\\\/#website\"},\"datePublished\":\"2019-12-01T12:41:45+00:00\",\"dateModified\":\"2019-12-16T23:59:09+00:00\",\"description\":\"Instant-Fogas k\u00e9pek minden t\u00e1nct\u00e9rr\u0151l \u00e9s bulir\u00f3l. N\u00e9zegess fot\u00f3kat Budapest legnagyobb klub komplexum\u00e1r\u00f3l!\",\"breadcrumb\":{\"@id\":\"https:\\\/\\\/instant-fogas.com\\\/hu\\\/galeria\\\/#breadcrumb\"},\"inLanguage\":\"hu\",\"potentialAction\":[{\"@type\":\"ReadAction\",\"target\":[\"https:\\\/\\\/instant-fogas.com\\\/hu\\\/galeria\\\/\"]}]},{\"@type\":\"BreadcrumbList\",\"@id\":\"https:\\\/\\\/instant-fogas.com\\\/hu\\\/galeria\\\/#breadcrumb\",\"itemListElement\":[{\"@type\":\"ListItem\",\"position\":1,\"name\":\"Kezd\u0151lap\",\"item\":\"https:\\\/\\\/instant-fogas.com\\\/hu\\\/\"},{\"@type\":\"ListItem\",\"position\":2,\"name\":\"Instant-Fogas gal\u00e9ria\"}]},{\"@type\":\"WebSite\",\"@id\":\"https:\\\/\\\/instant-fogas.com\\\/hu\\\/#website\",\"url\":\"https:\\\/\\\/instant-fogas.com\\\/hu\\\/\",\"name\":\"Instant-Fogas komplexum\",\"description\":\"Instant-Fogas komplexum\",\"publisher\":{\"@id\":\"https:\\\/\\\/instant-fogas.com\\\/hu\\\/#organization\"},\"potentialAction\":[{\"@type\":\"SearchAction\",\"target\":{\"@type\":\"EntryPoint\",\"urlTemplate\":\"https:\\\/\\\/instant-fogas.com\\\/hu\\\/?s={search_term_string}\"},\"query-input\":{\"@type\":\"PropertyValueSpecification\",\"valueRequired\":true,\"valueName\":\"search_term_string\"}}],\"inLanguage\":\"hu\"},{\"@type\":\"Organization\",\"@id\":\"https:\\\/\\\/instant-fogas.com\\\/hu\\\/#organization\",\"name\":\"Instant-Fogas complex\",\"url\":\"https:\\\/\\\/instant-fogas.com\\\/hu\\\/\",\"logo\":{\"@type\":\"ImageObject\",\"inLanguage\":\"hu\",\"@id\":\"https:\\\/\\\/instant-fogas.com\\\/hu\\\/#\\\/schema\\\/logo\\\/image\\\/\",\"url\":\"https:\\\/\\\/instant-fogas.com\\\/wp-content\\\/uploads\\\/2019\\\/11\\\/Instant_logo_kek-1.svg\",\"contentUrl\":\"https:\\\/\\\/instant-fogas.com\\\/wp-content\\\/uploads\\\/2019\\\/11\\\/Instant_logo_kek-1.svg\",\"width\":166,\"height\":166,\"caption\":\"Instant-Fogas complex\"},\"image\":{\"@id\":\"https:\\\/\\\/instant-fogas.com\\\/hu\\\/#\\\/schema\\\/logo\\\/image\\\/\"}}]}<\/script>\n<!-- \/ Yoast SEO plugin. -->","yoast_head_json":{"title":"Instant-Fogas gal\u00e9ria | K\u00e9pek a party komplexumr\u00f3l","description":"Instant-Fogas k\u00e9pek minden t\u00e1nct\u00e9rr\u0151l \u00e9s bulir\u00f3l. N\u00e9zegess fot\u00f3kat Budapest legnagyobb klub komplexum\u00e1r\u00f3l!","robots":{"index":"index","follow":"follow","max-snippet":"max-snippet:-1","max-image-preview":"max-image-preview:large","max-video-preview":"max-video-preview:-1"},"canonical":"https:\/\/instant-fogas.com\/hu\/galeria\/","og_locale":"hu_HU","og_type":"article","og_title":"INSTANT-FOGAS komplexum: K\u00e9pek","og_description":"Instant-Fogas k\u00e9pek minden t\u00e1nct\u00e9rr\u0151l \u00e9s bulir\u00f3l. N\u00e9zegess fot\u00f3kat Budapest legnagyobb klub komplexum\u00e1r\u00f3l!","og_url":"https:\/\/instant-fogas.com\/hu\/galeria\/","og_site_name":"Instant-Fogas komplexum","article_modified_time":"2019-12-16T23:59:09+00:00","og_image":[{"width":1024,"height":536,"url":"https:\/\/instant-fogas.com\/wp-content\/uploads\/2019\/12\/Instant_1920x1005_2-1024x536.png","type":"image\/png"}],"twitter_card":"summary_large_image","schema":{"@context":"https:\/\/schema.org","@graph":[{"@type":"WebPage","@id":"https:\/\/instant-fogas.com\/hu\/galeria\/","url":"https:\/\/instant-fogas.com\/hu\/galeria\/","name":"Instant-Fogas gal\u00e9ria | K\u00e9pek a party komplexumr\u00f3l","isPartOf":{"@id":"https:\/\/instant-fogas.com\/hu\/#website"},"datePublished":"2019-12-01T12:41:45+00:00","dateModified":"2019-12-16T23:59:09+00:00","description":"Instant-Fogas k\u00e9pek minden t\u00e1nct\u00e9rr\u0151l \u00e9s bulir\u00f3l. N\u00e9zegess fot\u00f3kat Budapest legnagyobb klub komplexum\u00e1r\u00f3l!","breadcrumb":{"@id":"https:\/\/instant-fogas.com\/hu\/galeria\/#breadcrumb"},"inLanguage":"hu","potentialAction":[{"@type":"ReadAction","target":["https:\/\/instant-fogas.com\/hu\/galeria\/"]}]},{"@type":"BreadcrumbList","@id":"https:\/\/instant-fogas.com\/hu\/galeria\/#breadcrumb","itemListElement":[{"@type":"ListItem","position":1,"name":"Kezd\u0151lap","item":"https:\/\/instant-fogas.com\/hu\/"},{"@type":"ListItem","position":2,"name":"Instant-Fogas gal\u00e9ria"}]},{"@type":"WebSite","@id":"https:\/\/instant-fogas.com\/hu\/#website","url":"https:\/\/instant-fogas.com\/hu\/","name":"Instant-Fogas komplexum","description":"Instant-Fogas komplexum","publisher":{"@id":"https:\/\/instant-fogas.com\/hu\/#organization"},"potentialAction":[{"@type":"SearchAction","target":{"@type":"EntryPoint","urlTemplate":"https:\/\/instant-fogas.com\/hu\/?s={search_term_string}"},"query-input":{"@type":"PropertyValueSpecification","valueRequired":true,"valueName":"search_term_string"}}],"inLanguage":"hu"},{"@type":"Organization","@id":"https:\/\/instant-fogas.com\/hu\/#organization","name":"Instant-Fogas complex","url":"https:\/\/instant-fogas.com\/hu\/","logo":{"@type":"ImageObject","inLanguage":"hu","@id":"https:\/\/instant-fogas.com\/hu\/#\/schema\/logo\/image\/","url":"https:\/\/instant-fogas.com\/wp-content\/uploads\/2019\/11\/Instant_logo_kek-1.svg","contentUrl":"https:\/\/instant-fogas.com\/wp-content\/uploads\/2019\/11\/Instant_logo_kek-1.svg","width":166,"height":166,"caption":"Instant-Fogas complex"},"image":{"@id":"https:\/\/instant-fogas.com\/hu\/#\/schema\/logo\/image\/"}}]}},"_links":{"self":[{"href":"https:\/\/instant-fogas.com\/hu\/wp-json\/wp\/v2\/pages\/13835","targetHints":{"allow":["GET"]}}],"collection":[{"href":"https:\/\/instant-fogas.com\/hu\/wp-json\/wp\/v2\/pages"}],"about":[{"href":"https:\/\/instant-fogas.com\/hu\/wp-json\/wp\/v2\/types\/page"}],"author":[{"embeddable":true,"href":"https:\/\/instant-fogas.com\/hu\/wp-json\/wp\/v2\/users\/1"}],"replies":[{"embeddable":true,"href":"https:\/\/instant-fogas.com\/hu\/wp-json\/wp\/v2\/comments?post=13835"}],"version-history":[{"count":0,"href":"https:\/\/instant-fogas.com\/hu\/wp-json\/wp\/v2\/pages\/13835\/revisions"}],"wp:attachment":[{"href":"https:\/\/instant-fogas.com\/hu\/wp-json\/wp\/v2\/media?parent=13835"}],"curies":[{"name":"wp","href":"https:\/\/api.w.org\/{rel}","templated":true}]}}