{"id":104,"date":"2025-03-27T20:35:57","date_gmt":"2025-03-27T20:35:57","guid":{"rendered":"https:\/\/instant.freedomdev.hu\/?page_id=104"},"modified":"2025-06-17T16:22:33","modified_gmt":"2025-06-17T14:22:33","slug":"foglalas","status":"publish","type":"page","link":"https:\/\/instant-fogas.com\/hu\/foglalas\/","title":{"rendered":"Foglal\u00e1s"},"content":{"rendered":"<div class=\"wpb-content-wrapper\"><p>[vc_row css=&#8221;.vc_custom_1747748772750{margin-top: 60px !important;}&#8221;][vc_column][vc_column_text css=&#8221;.vc_custom_1747748751313{margin-bottom: -10px !important;}&#8221;]<\/p>\n<h1 style=\"text-align: center; font-size: 35px;\"><span style=\"color: #ffffff;\">Tal\u00e1ld meg a megfelel\u0151 termet<\/span><\/h1>\n<p>[\/vc_column_text][vc_column_text]<\/p>\n<p style=\"text-align: center;\"><span style=\"color: #ffffff;\">V\u00e1laszd ki a d\u00e1tumot amikor j\u00f6nni szeretn\u00e9tek hozz\u00e1nk, majd add meg, hogy h\u00e1nyan \u00e9rkezn\u00e9tek \u00e9s l\u00e1thatod, hogy melyik terembe tudtok foglalni.<\/span><\/p>\n<p>[\/vc_column_text][vc_wp_text]<\/p>\n<div id=\"cancel-warning\" style=\"color: red; font-weight: bold; margin-top: 10px;\"><\/div>\n<p>[\/vc_wp_text][\/vc_column][\/vc_row][vc_row css=&#8221;.vc_custom_1748249458070{margin-bottom: 160px !important;background-color: rgba(25,33,70,0.77) !important;*background-color: rgb(25,33,70) !important;}&#8221;][vc_column][vc_column_text]<div class=\"wpbs_s-search-widget wpbs_s-search-widget-single-date-search\" data-calendars=\"1,2,7,8\" data-language=\"hu\" data-title=\"no\" data-mark_selection=\"yes\" data-start_day=\"1\" data-selection_type=\"single\" data-minimum_stay=\"0\" data-featured_image=\"yes\" data-starting_price=\"no\" data-results_layout=\"grid\" data-results_per_page=\"10\" data-show_results_on_load=\"no\" data-redirect=\"\" ><div class=\"wpbs_s-search-widget-form-wrap\">\r\n\r\n<form action=\"#\" method=\"GET\" class=\"wpbs_s-search-widget-form wpbs_s-search-widget-form-fields-2\" autocomplete=\"off\">\r\n\r\n    \r\n    <div class=\"wpbs_s-search-widget-field wpbs-search-widget-field-start-date\">\r\n        <label for=\"wpbs_s-search-widget-datepicker-start-date-79b7b058\">D\u00e1tum<\/label>\r\n        <input type=\"text\" placeholder=\"\" value=\"\" id=\"wpbs_s-search-widget-datepicker-start-date-79b7b058\" class=\"wpbs_s-search-widget-datepicker wpbs_s-search-widget-datepicker-start-date\" name=\"start-date\" readonly \/>\r\n        <input type=\"hidden\" value=\"\" id=\"wpbs_s-search-widget-datepicker-standard-format-start-date-79b7b058\" class=\"wpbs_s-search-widget-datepicker-standard-format-start-date\" name=\"wpbs-search-start-date\" \/>\r\n    <\/div>\r\n\r\n    \r\n    \r\n        \r\n\r\n        <div class=\"wpbs_s-search-widget-field wpbs_s-search-widget-additional-field wpbs-search-widget-field-required wpbs-search-widget-field-wpbs-search-people\">\r\n            <label for=\"wpbs_s-search-widget-field-wpbs-search-people-79b7b058\">people<\/label>\r\n\r\n                            <span class=\"wpbs_s-search-widget-field-select-wrap\">\r\n                    <select name=\"wpbs-search-people\" class=\"wpbs_s-search-widget-field-wpbs-search-people\" >\r\n                                                                            <option value=\"\" selected disabled>V\u00e1laszd ki a szem\u00e9lyek sz\u00e1m\u00e1t<\/option>\r\n                                                                            <option value=\"4 f\u0151\" >4 f\u0151<\/option>\r\n                                                    <option value=\"5 f\u0151\" >5 f\u0151<\/option>\r\n                                                    <option value=\"6 f\u0151\" >6 f\u0151<\/option>\r\n                                                    <option value=\"7 f\u0151\" >7 f\u0151<\/option>\r\n                                                    <option value=\"8 f\u0151\" >8 f\u0151<\/option>\r\n                                                    <option value=\"9 f\u0151\" >9 f\u0151<\/option>\r\n                                                    <option value=\"10 f\u0151\" >10 f\u0151<\/option>\r\n                                                    <option value=\"11 f\u0151\" >11 f\u0151<\/option>\r\n                                                    <option value=\"12 f\u0151\" >12 f\u0151<\/option>\r\n                                                    <option value=\"13 f\u0151\" >13 f\u0151<\/option>\r\n                                                    <option value=\"14 f\u0151\" >14 f\u0151<\/option>\r\n                                                    <option value=\"15 f\u0151\" >15 f\u0151<\/option>\r\n                                                    <option value=\"16 f\u0151\" >16 f\u0151<\/option>\r\n                                                    <option value=\"17 f\u0151\" >17 f\u0151<\/option>\r\n                                                    <option value=\"18 f\u0151\" >18 f\u0151<\/option>\r\n                                                    <option value=\"19 f\u0151\" >19 f\u0151<\/option>\r\n                                                    <option value=\"20 f\u0151\" >20 f\u0151<\/option>\r\n                                                    <option value=\"21 f\u0151\" >21 f\u0151<\/option>\r\n                                                    <option value=\"22 f\u0151\" >22 f\u0151<\/option>\r\n                                                    <option value=\"23 f\u0151\" >23 f\u0151<\/option>\r\n                                                    <option value=\"24 f\u0151\" >24 f\u0151<\/option>\r\n                                                    <option value=\"25 f\u0151\" >25 f\u0151<\/option>\r\n                                                    <option value=\"25+ f\u0151\" >25+ f\u0151<\/option>\r\n                                            <\/select>\r\n                <\/span>\r\n            \r\n        <\/div>\r\n    \r\n    <div class=\"wpbs_s-search-widget-field wpbs_s-search-widget-field-submit\">\r\n        <button class=\"wpbs_s-search-widget-datepicker-submit\">Tov\u00e1bb<\/button>\r\n    <\/div>\r\n\r\n<\/form>\r\n<\/div><div class=\"wpbs_s-search-widget-results-wrap\" data-label-previous=\"Previous\" data-label-next=\"Next\"><\/div><div class=\"wpbs-search-container-loaded\" data-just-loaded=\"1\"><\/div><\/div>[\/vc_column_text][\/vc_column][\/vc_row][vc_section][vc_row el_id=&#8221;ajanlatkeres-termek&#8221; css=&#8221;.vc_custom_1748248948545{margin-top: -150px !important;padding-top: 30px !important;padding-right: 30px !important;padding-bottom: 30px !important;padding-left: 30px !important;background-color: #ffffff !important;border-radius: 10px !important;}&#8221;][vc_column width=&#8221;1\/2&#8243; css=&#8221;.vc_custom_1748243939131{padding-top: 30px !important;padding-bottom: 30px !important;}&#8221;][vc_column_text]<\/p>\n<h3><span style=\"color: #000000;\">25 f\u0151 feletti esem\u00e9nyt szervezel? \u00cdrj nek\u00fcnk itt!<\/span><\/h3>\n<p><span style=\"color: #000000;\">V\u00e1ltozatos terek, italcsomagok, rendezv\u00e9nytechnika, mindenben seg\u00edt\u00fcnk, hogy t\u00f6k\u00e9letes legyen!<\/span>[\/vc_column_text]<style type=\"text\/css\">.thegem-button-69e794ad18fdf2260 .gem-button svg {fill: #ffffff;}.thegem-button-69e794ad18fdf2260 .gem-button:hover svg {fill: #ffffff;}<\/style><div class=\"gem-button-container gem-button-position-inline thegem-button-69e794ad18fdf2260    \"  ><a class=\"gem-button gem-button-size-small gem-button-style-flat gem-button-text-weight-normal\" data-ll-effect=\"drop-right-without-wrap\" style=\"border-radius: 3px;background-color: #dd3333;color: #ffffff;\" onmouseleave=\"this.style.backgroundColor='#dd3333';this.style.color='#ffffff';\" onmouseenter=\"this.style.backgroundColor='#dd3333';this.style.color='#ffffff';\" href=\"https:\/\/instant-fogas.com\/hu\/rendezveny-ajanlatkeres\/\" target=\"_self\">Aj\u00e1nlatk\u00e9r\u00e9s<\/a><\/div> [\/vc_column][vc_column width=&#8221;1\/2&#8243;][vc_gallery type=&#8221;flexslider_slide&#8221; interval=&#8221;3&#8243; images=&#8221;98138,98140,98142,98144&#8243; img_size=&#8221;full&#8221; onclick=&#8221;&#8221;][\/vc_column][\/vc_row][\/vc_section]<\/p>\n<\/div>","protected":false},"excerpt":{"rendered":"<p>[vc_row css=&#8221;.vc_custom_1747748772750{margin-top: 60px !important;}&#8221;][vc_column][vc_column_text css=&#8221;.vc_custom_1747748751313{margin-bottom:&#8230;<\/p>\n","protected":false},"author":17,"featured_media":0,"parent":0,"menu_order":0,"comment_status":"closed","ping_status":"closed","template":"","meta":{"inline_featured_image":false,"footnotes":""},"class_list":["post-104","page","type-page","status-publish"],"yoast_head":"<!-- This site is optimized with the Yoast SEO plugin v27.3 - https:\/\/yoast.com\/product\/yoast-seo-wordpress\/ -->\n<title>Foglal\u00e1s - Instant-Fogas komplexum<\/title>\n<meta name=\"robots\" content=\"index, follow, max-snippet:-1, max-image-preview:large, max-video-preview:-1\" \/>\n<link rel=\"canonical\" href=\"https:\/\/instant-fogas.com\/hu\/foglalas\/\" \/>\n<meta property=\"og:locale\" content=\"hu_HU\" \/>\n<meta property=\"og:type\" content=\"article\" \/>\n<meta property=\"og:title\" content=\"Foglal\u00e1s - Instant-Fogas komplexum\" \/>\n<meta property=\"og:description\" content=\"[vc_row css=&#8221;.vc_custom_1747748772750{margin-top: 60px !important;}&#8221;][vc_column][vc_column_text css=&#8221;.vc_custom_1747748751313{margin-bottom:...\" \/>\n<meta property=\"og:url\" content=\"https:\/\/instant-fogas.com\/hu\/foglalas\/\" \/>\n<meta property=\"og:site_name\" content=\"Instant-Fogas komplexum\" \/>\n<meta property=\"article:modified_time\" content=\"2025-06-17T14:22:33+00:00\" \/>\n<meta name=\"twitter:card\" content=\"summary_large_image\" \/>\n<meta name=\"twitter:label1\" content=\"Becs\u00fclt olvas\u00e1si id\u0151\" \/>\n\t<meta name=\"twitter:data1\" content=\"1 perc\" \/>\n<script type=\"application\/ld+json\" class=\"yoast-schema-graph\">{\"@context\":\"https:\\\/\\\/schema.org\",\"@graph\":[{\"@type\":\"WebPage\",\"@id\":\"https:\\\/\\\/instant-fogas.com\\\/hu\\\/foglalas\\\/\",\"url\":\"https:\\\/\\\/instant-fogas.com\\\/hu\\\/foglalas\\\/\",\"name\":\"Foglal\u00e1s - Instant-Fogas komplexum\",\"isPartOf\":{\"@id\":\"https:\\\/\\\/instant-fogas.com\\\/hu\\\/#website\"},\"datePublished\":\"2025-03-27T20:35:57+00:00\",\"dateModified\":\"2025-06-17T14:22:33+00:00\",\"breadcrumb\":{\"@id\":\"https:\\\/\\\/instant-fogas.com\\\/hu\\\/foglalas\\\/#breadcrumb\"},\"inLanguage\":\"hu\",\"potentialAction\":[{\"@type\":\"ReadAction\",\"target\":[\"https:\\\/\\\/instant-fogas.com\\\/hu\\\/foglalas\\\/\"]}]},{\"@type\":\"BreadcrumbList\",\"@id\":\"https:\\\/\\\/instant-fogas.com\\\/hu\\\/foglalas\\\/#breadcrumb\",\"itemListElement\":[{\"@type\":\"ListItem\",\"position\":1,\"name\":\"Kezd\u0151lap\",\"item\":\"https:\\\/\\\/instant-fogas.com\\\/hu\\\/\"},{\"@type\":\"ListItem\",\"position\":2,\"name\":\"Foglal\u00e1s\"}]},{\"@type\":\"WebSite\",\"@id\":\"https:\\\/\\\/instant-fogas.com\\\/hu\\\/#website\",\"url\":\"https:\\\/\\\/instant-fogas.com\\\/hu\\\/\",\"name\":\"Instant-Fogas komplexum\",\"description\":\"Instant-Fogas komplexum\",\"publisher\":{\"@id\":\"https:\\\/\\\/instant-fogas.com\\\/hu\\\/#organization\"},\"potentialAction\":[{\"@type\":\"SearchAction\",\"target\":{\"@type\":\"EntryPoint\",\"urlTemplate\":\"https:\\\/\\\/instant-fogas.com\\\/hu\\\/?s={search_term_string}\"},\"query-input\":{\"@type\":\"PropertyValueSpecification\",\"valueRequired\":true,\"valueName\":\"search_term_string\"}}],\"inLanguage\":\"hu\"},{\"@type\":\"Organization\",\"@id\":\"https:\\\/\\\/instant-fogas.com\\\/hu\\\/#organization\",\"name\":\"Instant-Fogas complex\",\"url\":\"https:\\\/\\\/instant-fogas.com\\\/hu\\\/\",\"logo\":{\"@type\":\"ImageObject\",\"inLanguage\":\"hu\",\"@id\":\"https:\\\/\\\/instant-fogas.com\\\/hu\\\/#\\\/schema\\\/logo\\\/image\\\/\",\"url\":\"https:\\\/\\\/instant-fogas.com\\\/wp-content\\\/uploads\\\/2019\\\/11\\\/Instant_logo_kek-1.svg\",\"contentUrl\":\"https:\\\/\\\/instant-fogas.com\\\/wp-content\\\/uploads\\\/2019\\\/11\\\/Instant_logo_kek-1.svg\",\"width\":166,\"height\":166,\"caption\":\"Instant-Fogas complex\"},\"image\":{\"@id\":\"https:\\\/\\\/instant-fogas.com\\\/hu\\\/#\\\/schema\\\/logo\\\/image\\\/\"}}]}<\/script>\n<!-- \/ Yoast SEO plugin. -->","yoast_head_json":{"title":"Foglal\u00e1s - Instant-Fogas komplexum","robots":{"index":"index","follow":"follow","max-snippet":"max-snippet:-1","max-image-preview":"max-image-preview:large","max-video-preview":"max-video-preview:-1"},"canonical":"https:\/\/instant-fogas.com\/hu\/foglalas\/","og_locale":"hu_HU","og_type":"article","og_title":"Foglal\u00e1s - Instant-Fogas komplexum","og_description":"[vc_row css=&#8221;.vc_custom_1747748772750{margin-top: 60px !important;}&#8221;][vc_column][vc_column_text css=&#8221;.vc_custom_1747748751313{margin-bottom:...","og_url":"https:\/\/instant-fogas.com\/hu\/foglalas\/","og_site_name":"Instant-Fogas komplexum","article_modified_time":"2025-06-17T14:22:33+00:00","twitter_card":"summary_large_image","twitter_misc":{"Becs\u00fclt olvas\u00e1si id\u0151":"1 perc"},"schema":{"@context":"https:\/\/schema.org","@graph":[{"@type":"WebPage","@id":"https:\/\/instant-fogas.com\/hu\/foglalas\/","url":"https:\/\/instant-fogas.com\/hu\/foglalas\/","name":"Foglal\u00e1s - Instant-Fogas komplexum","isPartOf":{"@id":"https:\/\/instant-fogas.com\/hu\/#website"},"datePublished":"2025-03-27T20:35:57+00:00","dateModified":"2025-06-17T14:22:33+00:00","breadcrumb":{"@id":"https:\/\/instant-fogas.com\/hu\/foglalas\/#breadcrumb"},"inLanguage":"hu","potentialAction":[{"@type":"ReadAction","target":["https:\/\/instant-fogas.com\/hu\/foglalas\/"]}]},{"@type":"BreadcrumbList","@id":"https:\/\/instant-fogas.com\/hu\/foglalas\/#breadcrumb","itemListElement":[{"@type":"ListItem","position":1,"name":"Kezd\u0151lap","item":"https:\/\/instant-fogas.com\/hu\/"},{"@type":"ListItem","position":2,"name":"Foglal\u00e1s"}]},{"@type":"WebSite","@id":"https:\/\/instant-fogas.com\/hu\/#website","url":"https:\/\/instant-fogas.com\/hu\/","name":"Instant-Fogas komplexum","description":"Instant-Fogas komplexum","publisher":{"@id":"https:\/\/instant-fogas.com\/hu\/#organization"},"potentialAction":[{"@type":"SearchAction","target":{"@type":"EntryPoint","urlTemplate":"https:\/\/instant-fogas.com\/hu\/?s={search_term_string}"},"query-input":{"@type":"PropertyValueSpecification","valueRequired":true,"valueName":"search_term_string"}}],"inLanguage":"hu"},{"@type":"Organization","@id":"https:\/\/instant-fogas.com\/hu\/#organization","name":"Instant-Fogas complex","url":"https:\/\/instant-fogas.com\/hu\/","logo":{"@type":"ImageObject","inLanguage":"hu","@id":"https:\/\/instant-fogas.com\/hu\/#\/schema\/logo\/image\/","url":"https:\/\/instant-fogas.com\/wp-content\/uploads\/2019\/11\/Instant_logo_kek-1.svg","contentUrl":"https:\/\/instant-fogas.com\/wp-content\/uploads\/2019\/11\/Instant_logo_kek-1.svg","width":166,"height":166,"caption":"Instant-Fogas complex"},"image":{"@id":"https:\/\/instant-fogas.com\/hu\/#\/schema\/logo\/image\/"}}]}},"_links":{"self":[{"href":"https:\/\/instant-fogas.com\/hu\/wp-json\/wp\/v2\/pages\/104","targetHints":{"allow":["GET"]}}],"collection":[{"href":"https:\/\/instant-fogas.com\/hu\/wp-json\/wp\/v2\/pages"}],"about":[{"href":"https:\/\/instant-fogas.com\/hu\/wp-json\/wp\/v2\/types\/page"}],"author":[{"embeddable":true,"href":"https:\/\/instant-fogas.com\/hu\/wp-json\/wp\/v2\/users\/17"}],"replies":[{"embeddable":true,"href":"https:\/\/instant-fogas.com\/hu\/wp-json\/wp\/v2\/comments?post=104"}],"version-history":[{"count":21,"href":"https:\/\/instant-fogas.com\/hu\/wp-json\/wp\/v2\/pages\/104\/revisions"}],"predecessor-version":[{"id":99549,"href":"https:\/\/instant-fogas.com\/hu\/wp-json\/wp\/v2\/pages\/104\/revisions\/99549"}],"wp:attachment":[{"href":"https:\/\/instant-fogas.com\/hu\/wp-json\/wp\/v2\/media?parent=104"}],"curies":[{"name":"wp","href":"https:\/\/api.w.org\/{rel}","templated":true}]}}