{"id":103375,"date":"2025-10-29T10:02:42","date_gmt":"2025-10-29T09:02:42","guid":{"rendered":"https:\/\/instant-fogas.com\/dev-events\/"},"modified":"2025-10-30T11:31:56","modified_gmt":"2025-10-30T10:31:56","slug":"esemenyek","status":"publish","type":"page","link":"https:\/\/instant-fogas.com\/hu\/esemenyek\/","title":{"rendered":"Esem\u00e9nyek"},"content":{"rendered":"<div class=\"wpb-content-wrapper\"><p>[vc_row full_width=&#8221;stretch_row&#8221; css=&#8221;.vc_custom_1574488449989{margin-bottom: 0px !important;padding-top: 12vh !important;padding-bottom: 8vh !important;background-image: url(http:\/\/instant-fogas.com\/wp-content\/uploads\/2019\/11\/RolunkHeader.jpg?id=24950) !important;background-position: center !important;background-repeat: no-repeat !important;background-size: cover !important;}&#8221;][vc_column css=&#8221;.vc_custom_1574488322676{margin-bottom: 0px !important;}&#8221;][vc_column_text]<\/p>\n<h1 style=\"color: white; font-family: Righteous; text-transform: uppercase; font-size: 60px; line-height: 75px; text-align: center;\">ESEM\u00c9NYEK<\/h1>\n<p>[\/vc_column_text][vc_raw_html]JTNDJTIxLS0lMjBBJTIwR29vZ2xlJTIwU3RydWt0dXIlQzMlQTFsdCUyMEFkYXRqZWwlQzMlQjZsJUM1JTkxJTIwUyVDMyVCQWclQzMlQjNqYSUyMCVDMyVBMWx0YWwlMjBnZW5lciVDMyVBMWx0JTIwSlNPTi1MRCUyMGplbCVDMyVCNmwlQzMlQTlzLiUyMC0tJTNFJTBBJTNDc2NyaXB0JTIwdHlwZSUzRCUyMmFwcGxpY2F0aW9uJTJGbGQlMkJqc29uJTIyJTNFJTBBJTVCJTIwJTdCJTBBJTIwJTIwJTIyJTQwY29udGV4dCUyMiUyMCUzQSUyMCUyMmh0dHAlM0ElMkYlMkZzY2hlbWEub3JnJTIyJTJDJTBBJTIwJTIwJTIyJTQwdHlwZSUyMiUyMCUzQSUyMCUyMkxvY2FsQnVzaW5lc3MlMjIlMkMlMEElMjAlMjAlMjJuYW1lJTIyJTIwJTNBJTIwJTIySW5zdGFudC1Gb2dhcyUyMEtvbXBsZXh1bSUyMiUyQyUwQSUyMCUyMCUyMmltYWdlJTIyJTIwJTNBJTIwJTIyaHR0cHMlM0ElMkYlMkZpbnN0YW50LWZvZ2FzLmNvbSUyRndwLWNvbnRlbnQlMkZ1cGxvYWRzJTJGMjAxOSUyRjExJTJGSW5zdGFudF9sb2dvX2tlay5zdmclMjIlMkMlMEElMjAlMjAlMjJ0ZWxlcGhvbmUlMjIlMjAlM0ElMjAlMjIlMkIzNiUyMDcwJTIwNjM4JTIwNTA0MCUyMiUyQyUwQSUyMCUyMCUyMmVtYWlsJTIyJTIwJTNBJTIwJTIyaW5mbyU0MGluc3RhbnQtZm9nYXMuY29tJTIyJTJDJTBBJTIwJTIwJTIyYWRkcmVzcyUyMiUyMCUzQSUyMCU3QiUwQSUyMCUyMCUyMCUyMCUyMiU0MHR5cGUlMjIlMjAlM0ElMjAlMjJQb3N0YWxBZGRyZXNzJTIyJTJDJTBBJTIwJTIwJTIwJTIwJTIyc3RyZWV0QWRkcmVzcyUyMiUyMCUzQSUyMCUyMkFrJUMzJUExY2ZhJTIwdXRjYSUyMDQ5LTUxLiUyMiUyQyUwQSUyMCUyMCUyMCUyMCUyMmFkZHJlc3NMb2NhbGl0eSUyMiUyMCUzQSUyMCUyMkJ1ZGFwZXN0JTIyJTJDJTBBJTIwJTIwJTIwJTIwJTIyYWRkcmVzc1JlZ2lvbiUyMiUyMCUzQSUyMCUyMlBlc3QlMjBtZWd5ZSUyMiUyQyUwQSUyMCUyMCUyMCUyMCUyMmFkZHJlc3NDb3VudHJ5JTIyJTIwJTNBJTIwJTIyTWFneWFyb3JzeiVDMyVBMWclMjIlMkMlMEElMjAlMjAlMjAlMjAlMjJwb3N0YWxDb2RlJTIyJTIwJTNBJTIwJTIyMTA3MyUyMiUwQSUyMCUyMCU3RCUyQyUwQSUyMCUyMCUyMm9wZW5pbmdIb3Vyc1NwZWNpZmljYXRpb24lMjIlMjAlM0ElMjAlN0IlMEElMjAlMjAlMjAlMjAlMjIlNDB0eXBlJTIyJTIwJTNBJTIwJTIyT3BlbmluZ0hvdXJzU3BlY2lmaWNhdGlvbiUyMiUyQyUwQSUyMCUyMCUyMCUyMCUyMmRheU9mV2VlayUyMiUyMCUzQSUyMCU3QiUwQSUyMCUyMCUyMCUyMCUyMCUyMCUyMiU0MHR5cGUlMjIlMjAlM0ElMjAlMjJEYXlPZldlZWslMjIlMkMlMEElMjAlMjAlMjAlMjAlMjAlMjAlMjJuYW1lJTIyJTIwJTNBJTIwJTIyTWluZGVuJTIwbmFwJTIwMTYlM0EwMCUyMC0lMjAwNiUzQTAwJTIwJUMzJUIzciVDMyVBMWlnJTIyJTBBJTIwJTIwJTIwJTIwJTdEJTBBJTIwJTIwJTdEJTJDJTBBJTIwJTIwJTIydXJsJTIyJTIwJTNBJTIwJTIyaHR0cHMlM0ElMkYlMkZpbnN0YW50LWZvZ2FzLmNvbSUyRmh1JTJGaW5zdGFudC1mb2dhcy1rb21wbGV4dW0lMkYlMjIlMEElN0QlMjAlNUQlMEElM0MlMkZzY3JpcHQlM0U=[\/vc_raw_html][\/vc_column][\/vc_row][vc_row][vc_column][vc_raw_html]JTVCZmJfZXZlbnRzX2xpc3QlNUQ=[\/vc_raw_html][\/vc_column][\/vc_row]<\/p>\n<\/div>","protected":false},"excerpt":{"rendered":"<p>[vc_row full_width=&#8221;stretch_row&#8221; css=&#8221;.vc_custom_1574488449989{margin-bottom: 0px !important;padding-top:&#8230;<\/p>\n","protected":false},"author":17,"featured_media":0,"parent":0,"menu_order":0,"comment_status":"closed","ping_status":"closed","template":"","meta":{"inline_featured_image":false,"footnotes":""},"class_list":["post-103375","page","type-page","status-publish"],"yoast_head":"<!-- This site is optimized with the Yoast SEO plugin v27.3 - https:\/\/yoast.com\/product\/yoast-seo-wordpress\/ -->\n<title>Esem\u00e9nyek - Instant-Fogas komplexum<\/title>\n<meta name=\"robots\" content=\"noindex, nofollow\" \/>\n<meta property=\"og:locale\" content=\"hu_HU\" \/>\n<meta property=\"og:type\" content=\"article\" \/>\n<meta property=\"og:title\" content=\"Esem\u00e9nyek - Instant-Fogas komplexum\" \/>\n<meta property=\"og:description\" content=\"[vc_row full_width=&#8221;stretch_row&#8221; css=&#8221;.vc_custom_1574488449989{margin-bottom: 0px !important;padding-top:...\" \/>\n<meta property=\"og:url\" content=\"https:\/\/instant-fogas.com\/hu\/esemenyek\/\" \/>\n<meta property=\"og:site_name\" content=\"Instant-Fogas komplexum\" \/>\n<meta property=\"article:modified_time\" content=\"2025-10-30T10:31:56+00:00\" \/>\n<meta name=\"twitter:card\" content=\"summary_large_image\" \/>\n<meta name=\"twitter:label1\" content=\"Becs\u00fclt olvas\u00e1si id\u0151\" \/>\n\t<meta name=\"twitter:data1\" content=\"1 perc\" \/>\n<script type=\"application\/ld+json\" class=\"yoast-schema-graph\">{\"@context\":\"https:\\\/\\\/schema.org\",\"@graph\":[{\"@type\":\"WebPage\",\"@id\":\"https:\\\/\\\/instant-fogas.com\\\/hu\\\/esemenyek\\\/\",\"url\":\"https:\\\/\\\/instant-fogas.com\\\/hu\\\/esemenyek\\\/\",\"name\":\"Esem\u00e9nyek - Instant-Fogas komplexum\",\"isPartOf\":{\"@id\":\"https:\\\/\\\/instant-fogas.com\\\/hu\\\/#website\"},\"datePublished\":\"2025-10-29T09:02:42+00:00\",\"dateModified\":\"2025-10-30T10:31:56+00:00\",\"breadcrumb\":{\"@id\":\"https:\\\/\\\/instant-fogas.com\\\/hu\\\/esemenyek\\\/#breadcrumb\"},\"inLanguage\":\"hu\",\"potentialAction\":[{\"@type\":\"ReadAction\",\"target\":[\"https:\\\/\\\/instant-fogas.com\\\/hu\\\/esemenyek\\\/\"]}]},{\"@type\":\"BreadcrumbList\",\"@id\":\"https:\\\/\\\/instant-fogas.com\\\/hu\\\/esemenyek\\\/#breadcrumb\",\"itemListElement\":[{\"@type\":\"ListItem\",\"position\":1,\"name\":\"Kezd\u0151lap\",\"item\":\"https:\\\/\\\/instant-fogas.com\\\/hu\\\/\"},{\"@type\":\"ListItem\",\"position\":2,\"name\":\"Esem\u00e9nyek\"}]},{\"@type\":\"WebSite\",\"@id\":\"https:\\\/\\\/instant-fogas.com\\\/hu\\\/#website\",\"url\":\"https:\\\/\\\/instant-fogas.com\\\/hu\\\/\",\"name\":\"Instant-Fogas komplexum\",\"description\":\"Instant-Fogas komplexum\",\"publisher\":{\"@id\":\"https:\\\/\\\/instant-fogas.com\\\/hu\\\/#organization\"},\"potentialAction\":[{\"@type\":\"SearchAction\",\"target\":{\"@type\":\"EntryPoint\",\"urlTemplate\":\"https:\\\/\\\/instant-fogas.com\\\/hu\\\/?s={search_term_string}\"},\"query-input\":{\"@type\":\"PropertyValueSpecification\",\"valueRequired\":true,\"valueName\":\"search_term_string\"}}],\"inLanguage\":\"hu\"},{\"@type\":\"Organization\",\"@id\":\"https:\\\/\\\/instant-fogas.com\\\/hu\\\/#organization\",\"name\":\"Instant-Fogas complex\",\"url\":\"https:\\\/\\\/instant-fogas.com\\\/hu\\\/\",\"logo\":{\"@type\":\"ImageObject\",\"inLanguage\":\"hu\",\"@id\":\"https:\\\/\\\/instant-fogas.com\\\/hu\\\/#\\\/schema\\\/logo\\\/image\\\/\",\"url\":\"https:\\\/\\\/instant-fogas.com\\\/wp-content\\\/uploads\\\/2019\\\/11\\\/Instant_logo_kek-1.svg\",\"contentUrl\":\"https:\\\/\\\/instant-fogas.com\\\/wp-content\\\/uploads\\\/2019\\\/11\\\/Instant_logo_kek-1.svg\",\"width\":166,\"height\":166,\"caption\":\"Instant-Fogas complex\"},\"image\":{\"@id\":\"https:\\\/\\\/instant-fogas.com\\\/hu\\\/#\\\/schema\\\/logo\\\/image\\\/\"}}]}<\/script>\n<!-- \/ Yoast SEO plugin. -->","yoast_head_json":{"title":"Esem\u00e9nyek - Instant-Fogas komplexum","robots":{"index":"noindex","follow":"nofollow"},"og_locale":"hu_HU","og_type":"article","og_title":"Esem\u00e9nyek - Instant-Fogas komplexum","og_description":"[vc_row full_width=&#8221;stretch_row&#8221; css=&#8221;.vc_custom_1574488449989{margin-bottom: 0px !important;padding-top:...","og_url":"https:\/\/instant-fogas.com\/hu\/esemenyek\/","og_site_name":"Instant-Fogas komplexum","article_modified_time":"2025-10-30T10:31:56+00:00","twitter_card":"summary_large_image","twitter_misc":{"Becs\u00fclt olvas\u00e1si id\u0151":"1 perc"},"schema":{"@context":"https:\/\/schema.org","@graph":[{"@type":"WebPage","@id":"https:\/\/instant-fogas.com\/hu\/esemenyek\/","url":"https:\/\/instant-fogas.com\/hu\/esemenyek\/","name":"Esem\u00e9nyek - Instant-Fogas komplexum","isPartOf":{"@id":"https:\/\/instant-fogas.com\/hu\/#website"},"datePublished":"2025-10-29T09:02:42+00:00","dateModified":"2025-10-30T10:31:56+00:00","breadcrumb":{"@id":"https:\/\/instant-fogas.com\/hu\/esemenyek\/#breadcrumb"},"inLanguage":"hu","potentialAction":[{"@type":"ReadAction","target":["https:\/\/instant-fogas.com\/hu\/esemenyek\/"]}]},{"@type":"BreadcrumbList","@id":"https:\/\/instant-fogas.com\/hu\/esemenyek\/#breadcrumb","itemListElement":[{"@type":"ListItem","position":1,"name":"Kezd\u0151lap","item":"https:\/\/instant-fogas.com\/hu\/"},{"@type":"ListItem","position":2,"name":"Esem\u00e9nyek"}]},{"@type":"WebSite","@id":"https:\/\/instant-fogas.com\/hu\/#website","url":"https:\/\/instant-fogas.com\/hu\/","name":"Instant-Fogas komplexum","description":"Instant-Fogas komplexum","publisher":{"@id":"https:\/\/instant-fogas.com\/hu\/#organization"},"potentialAction":[{"@type":"SearchAction","target":{"@type":"EntryPoint","urlTemplate":"https:\/\/instant-fogas.com\/hu\/?s={search_term_string}"},"query-input":{"@type":"PropertyValueSpecification","valueRequired":true,"valueName":"search_term_string"}}],"inLanguage":"hu"},{"@type":"Organization","@id":"https:\/\/instant-fogas.com\/hu\/#organization","name":"Instant-Fogas complex","url":"https:\/\/instant-fogas.com\/hu\/","logo":{"@type":"ImageObject","inLanguage":"hu","@id":"https:\/\/instant-fogas.com\/hu\/#\/schema\/logo\/image\/","url":"https:\/\/instant-fogas.com\/wp-content\/uploads\/2019\/11\/Instant_logo_kek-1.svg","contentUrl":"https:\/\/instant-fogas.com\/wp-content\/uploads\/2019\/11\/Instant_logo_kek-1.svg","width":166,"height":166,"caption":"Instant-Fogas complex"},"image":{"@id":"https:\/\/instant-fogas.com\/hu\/#\/schema\/logo\/image\/"}}]}},"_links":{"self":[{"href":"https:\/\/instant-fogas.com\/hu\/wp-json\/wp\/v2\/pages\/103375","targetHints":{"allow":["GET"]}}],"collection":[{"href":"https:\/\/instant-fogas.com\/hu\/wp-json\/wp\/v2\/pages"}],"about":[{"href":"https:\/\/instant-fogas.com\/hu\/wp-json\/wp\/v2\/types\/page"}],"author":[{"embeddable":true,"href":"https:\/\/instant-fogas.com\/hu\/wp-json\/wp\/v2\/users\/17"}],"replies":[{"embeddable":true,"href":"https:\/\/instant-fogas.com\/hu\/wp-json\/wp\/v2\/comments?post=103375"}],"version-history":[{"count":2,"href":"https:\/\/instant-fogas.com\/hu\/wp-json\/wp\/v2\/pages\/103375\/revisions"}],"predecessor-version":[{"id":105954,"href":"https:\/\/instant-fogas.com\/hu\/wp-json\/wp\/v2\/pages\/103375\/revisions\/105954"}],"wp:attachment":[{"href":"https:\/\/instant-fogas.com\/hu\/wp-json\/wp\/v2\/media?parent=103375"}],"curies":[{"name":"wp","href":"https:\/\/api.w.org\/{rel}","templated":true}]}}